{"id":87937,"date":"2026-05-05T17:37:46","date_gmt":"2026-05-05T15:37:46","guid":{"rendered":"https:\/\/www.zennio.com\/zennio-remote\/"},"modified":"2026-05-05T17:40:58","modified_gmt":"2026-05-05T15:40:58","slug":"zennio-remote","status":"publish","type":"page","link":"https:\/\/www.zennio.com\/fr\/zennio-remote\/","title":{"rendered":"Zennio Remote"},"content":{"rendered":"\t\t<div data-elementor-type=\"wp-page\" data-elementor-id=\"87937\" class=\"elementor elementor-87937 elementor-87931\" data-elementor-post-type=\"page\">\n\t\t\t\t<div class=\"elementor-element elementor-element-2b1c8c2 e-flex e-con-boxed e-con e-parent\" data-id=\"2b1c8c2\" data-element_type=\"container\" data-e-type=\"container\" data-settings=\"{&quot;jet_parallax_layout_list&quot;:[]}\">\n\t\t\t\t\t<div class=\"e-con-inner\">\n\t\t\t\t<div class=\"elementor-element elementor-element-1f0cc5f elementor-widget elementor-widget-heading\" data-id=\"1f0cc5f\" data-element_type=\"widget\" data-e-type=\"widget\" data-widget_type=\"heading.default\">\n\t\t\t\t<div class=\"elementor-widget-container\">\n\t\t\t\t\t<h1 class=\"elementor-heading-title elementor-size-default\">Zennio Remote<\/h1>\t\t\t\t<\/div>\n\t\t\t\t<\/div>\n\t\t\t\t<div class=\"elementor-element elementor-element-6bd5939 elementor-widget elementor-widget-text-editor\" data-id=\"6bd5939\" data-element_type=\"widget\" data-e-type=\"widget\" data-widget_type=\"text-editor.default\">\n\t\t\t\t<div class=\"elementor-widget-container\">\n\t\t\t\t\t\t\t\t\t<p>Zennio Remote est une appli pour visualiser et contr\u00f4ler une installation KNX depuis des dispositifs portables (smartphones et tablettes) et des navigateurs web. Vous serez capable d\u2019agir rapidement, facilement et avec s\u00e9curit\u00e9 sur votre installation KNX de n\u2019importe o\u00f9, \u00e0 tout moment !<\/p>\n<p>Vous n\u2019aurez besoin que d\u2019un \u00e9cran tactile Zennio (avec licence Remote Control) connect\u00e9e \u00e0 Internet et d\u2019avoir l\u2019appli install\u00e9e dans votre smartphone ou tablette, ou d\u2019introduire l\u2019adresse\u00a0<a title=\"Zennio Remote Web\" href=\"https:\/\/web.zennioremote.com\/landing\" target=\"_blank\" rel=\"noopener external noreferrer\" data-wpel-link=\"external\">https:\/\/web.zennioremote.com\/landing<\/a>\u00a0dans votre navigateur.<\/p>\n<p>Pour installer l\u2019appli dans votre dispositif portable : acc\u00e9dez \u00e0 votre App Store, t\u00e9l\u00e9chargez et installez l\u2019appli dans votre smartphone ou tablette, apr\u00e8s avoir accepter l\u2019EULA (en anglais).<\/p>\n<p>Cette appli peut \u00eatre utilis\u00e9e sans limite de temps, jusqu\u2019\u00e0 la fin du service.<\/p>\n\t\t\t\t\t\t\t\t<\/div>\n\t\t\t\t<\/div>\n\t\t\t\t\t<\/div>\n\t\t\t\t<\/div>\n\t\t\t\t<\/div>\n\t\t","protected":false},"excerpt":{"rendered":"<p>Zennio Remote Zennio Remote est une appli pour visualiser et contr\u00f4ler une installation KNX depuis des dispositifs portables (smartphones et tablettes) et des navigateurs web. Vous serez capable d\u2019agir rapidement, facilement et avec s\u00e9curit\u00e9 sur votre installation KNX de n\u2019importe o\u00f9, \u00e0 tout moment ! Vous n\u2019aurez besoin que d\u2019un \u00e9cran tactile Zennio (avec licence [&hellip;]<\/p>\n","protected":false},"author":1,"featured_media":0,"parent":0,"menu_order":0,"comment_status":"closed","ping_status":"closed","template":"elementor_header_footer","meta":{"footnotes":""},"class_list":["post-87937","page","type-page","status-publish","hentry"],"yoast_head":"<!-- This site is optimized with the Yoast SEO plugin v27.6 - https:\/\/yoast.com\/product\/yoast-seo-wordpress\/ -->\n<title>Zennio Remote - Zennio<\/title>\n<meta name=\"description\" content=\"Zennio Remote Zennio Remote est une appli pour visualiser et contr\u00f4ler une installation KNX depuis des dispositifs portables (smartphones et tablettes) et\" \/>\n<meta name=\"robots\" content=\"index, follow, max-snippet:-1, max-image-preview:large, max-video-preview:-1\" \/>\n<link rel=\"canonical\" href=\"https:\/\/www.zennio.com\/fr\/zennio-remote\/\" \/>\n<meta property=\"og:locale\" content=\"fr_FR\" \/>\n<meta property=\"og:type\" content=\"article\" \/>\n<meta property=\"og:title\" content=\"Zennio Remote - Zennio\" \/>\n<meta property=\"og:description\" content=\"Zennio Remote Zennio Remote est une appli pour visualiser et contr\u00f4ler une installation KNX depuis des dispositifs portables (smartphones et tablettes) et\" \/>\n<meta property=\"og:url\" content=\"https:\/\/www.zennio.com\/fr\/zennio-remote\/\" \/>\n<meta property=\"og:site_name\" content=\"Zennio\" \/>\n<meta property=\"article:publisher\" content=\"https:\/\/www.facebook.com\/ZennioSpain\/?locale=es_ES\" \/>\n<meta property=\"article:modified_time\" content=\"2026-05-05T15:40:58+00:00\" \/>\n<meta property=\"og:image\" content=\"https:\/\/www.zennio.com\/wp-content\/uploads\/2026\/04\/ISOTIPO_en.png\" \/>\n\t<meta property=\"og:image:width\" content=\"906\" \/>\n\t<meta property=\"og:image:height\" content=\"906\" \/>\n\t<meta property=\"og:image:type\" content=\"image\/png\" \/>\n<meta name=\"twitter:card\" content=\"summary_large_image\" \/>\n<script type=\"application\/ld+json\" class=\"yoast-schema-graph\">{\"@context\":\"https:\\\/\\\/schema.org\",\"@graph\":[{\"@type\":\"WebPage\",\"@id\":\"https:\\\/\\\/www.zennio.com\\\/fr\\\/zennio-remote\\\/\",\"url\":\"https:\\\/\\\/www.zennio.com\\\/fr\\\/zennio-remote\\\/\",\"name\":\"Zennio Remote - Zennio\",\"isPartOf\":{\"@id\":\"https:\\\/\\\/www.zennio.com\\\/fr\\\/#website\"},\"datePublished\":\"2026-05-05T15:37:46+00:00\",\"dateModified\":\"2026-05-05T15:40:58+00:00\",\"description\":\"Zennio Remote Zennio Remote est une appli pour visualiser et contr\u00f4ler une installation KNX depuis des dispositifs portables (smartphones et tablettes) et\",\"breadcrumb\":{\"@id\":\"https:\\\/\\\/www.zennio.com\\\/fr\\\/zennio-remote\\\/#breadcrumb\"},\"inLanguage\":\"fr-FR\",\"potentialAction\":[{\"@type\":\"ReadAction\",\"target\":[\"https:\\\/\\\/www.zennio.com\\\/fr\\\/zennio-remote\\\/\"]}]},{\"@type\":\"BreadcrumbList\",\"@id\":\"https:\\\/\\\/www.zennio.com\\\/fr\\\/zennio-remote\\\/#breadcrumb\",\"itemListElement\":[{\"@type\":\"ListItem\",\"position\":1,\"name\":\"Portada\",\"item\":\"https:\\\/\\\/www.zennio.com\\\/fr\\\/\"},{\"@type\":\"ListItem\",\"position\":2,\"name\":\"Zennio Remote\"}]},{\"@type\":\"WebSite\",\"@id\":\"https:\\\/\\\/www.zennio.com\\\/fr\\\/#website\",\"url\":\"https:\\\/\\\/www.zennio.com\\\/fr\\\/\",\"name\":\"Zennio\",\"description\":\"Soluciones de tecnolog\u00eda para hoteles, viviendas y edificios.\",\"publisher\":{\"@id\":\"https:\\\/\\\/www.zennio.com\\\/fr\\\/#organization\"},\"alternateName\":\"Zennio Global\",\"potentialAction\":[{\"@type\":\"SearchAction\",\"target\":{\"@type\":\"EntryPoint\",\"urlTemplate\":\"https:\\\/\\\/www.zennio.com\\\/fr\\\/?s={search_term_string}\"},\"query-input\":{\"@type\":\"PropertyValueSpecification\",\"valueRequired\":true,\"valueName\":\"search_term_string\"}}],\"inLanguage\":\"fr-FR\"},{\"@type\":\"Organization\",\"@id\":\"https:\\\/\\\/www.zennio.com\\\/fr\\\/#organization\",\"name\":\"Zennio\",\"alternateName\":\"Zennio\",\"url\":\"https:\\\/\\\/www.zennio.com\\\/fr\\\/\",\"logo\":{\"@type\":\"ImageObject\",\"inLanguage\":\"fr-FR\",\"@id\":\"https:\\\/\\\/www.zennio.com\\\/fr\\\/#\\\/schema\\\/logo\\\/image\\\/\",\"url\":\"https:\\\/\\\/www.zennio.com\\\/wp-content\\\/uploads\\\/2026\\\/04\\\/ISOTIPO_en.png\",\"contentUrl\":\"https:\\\/\\\/www.zennio.com\\\/wp-content\\\/uploads\\\/2026\\\/04\\\/ISOTIPO_en.png\",\"width\":906,\"height\":906,\"caption\":\"Zennio\"},\"image\":{\"@id\":\"https:\\\/\\\/www.zennio.com\\\/fr\\\/#\\\/schema\\\/logo\\\/image\\\/\"},\"sameAs\":[\"https:\\\/\\\/www.facebook.com\\\/ZennioSpain\\\/?locale=es_ES\"]}]}<\/script>\n<!-- \/ Yoast SEO plugin. -->","yoast_head_json":{"title":"Zennio Remote - Zennio","description":"Zennio Remote Zennio Remote est une appli pour visualiser et contr\u00f4ler une installation KNX depuis des dispositifs portables (smartphones et tablettes) et","robots":{"index":"index","follow":"follow","max-snippet":"max-snippet:-1","max-image-preview":"max-image-preview:large","max-video-preview":"max-video-preview:-1"},"canonical":"https:\/\/www.zennio.com\/fr\/zennio-remote\/","og_locale":"fr_FR","og_type":"article","og_title":"Zennio Remote - Zennio","og_description":"Zennio Remote Zennio Remote est une appli pour visualiser et contr\u00f4ler une installation KNX depuis des dispositifs portables (smartphones et tablettes) et","og_url":"https:\/\/www.zennio.com\/fr\/zennio-remote\/","og_site_name":"Zennio","article_publisher":"https:\/\/www.facebook.com\/ZennioSpain\/?locale=es_ES","article_modified_time":"2026-05-05T15:40:58+00:00","og_image":[{"width":906,"height":906,"url":"https:\/\/www.zennio.com\/wp-content\/uploads\/2026\/04\/ISOTIPO_en.png","type":"image\/png"}],"twitter_card":"summary_large_image","schema":{"@context":"https:\/\/schema.org","@graph":[{"@type":"WebPage","@id":"https:\/\/www.zennio.com\/fr\/zennio-remote\/","url":"https:\/\/www.zennio.com\/fr\/zennio-remote\/","name":"Zennio Remote - Zennio","isPartOf":{"@id":"https:\/\/www.zennio.com\/fr\/#website"},"datePublished":"2026-05-05T15:37:46+00:00","dateModified":"2026-05-05T15:40:58+00:00","description":"Zennio Remote Zennio Remote est une appli pour visualiser et contr\u00f4ler une installation KNX depuis des dispositifs portables (smartphones et tablettes) et","breadcrumb":{"@id":"https:\/\/www.zennio.com\/fr\/zennio-remote\/#breadcrumb"},"inLanguage":"fr-FR","potentialAction":[{"@type":"ReadAction","target":["https:\/\/www.zennio.com\/fr\/zennio-remote\/"]}]},{"@type":"BreadcrumbList","@id":"https:\/\/www.zennio.com\/fr\/zennio-remote\/#breadcrumb","itemListElement":[{"@type":"ListItem","position":1,"name":"Portada","item":"https:\/\/www.zennio.com\/fr\/"},{"@type":"ListItem","position":2,"name":"Zennio Remote"}]},{"@type":"WebSite","@id":"https:\/\/www.zennio.com\/fr\/#website","url":"https:\/\/www.zennio.com\/fr\/","name":"Zennio","description":"Soluciones de tecnolog\u00eda para hoteles, viviendas y edificios.","publisher":{"@id":"https:\/\/www.zennio.com\/fr\/#organization"},"alternateName":"Zennio Global","potentialAction":[{"@type":"SearchAction","target":{"@type":"EntryPoint","urlTemplate":"https:\/\/www.zennio.com\/fr\/?s={search_term_string}"},"query-input":{"@type":"PropertyValueSpecification","valueRequired":true,"valueName":"search_term_string"}}],"inLanguage":"fr-FR"},{"@type":"Organization","@id":"https:\/\/www.zennio.com\/fr\/#organization","name":"Zennio","alternateName":"Zennio","url":"https:\/\/www.zennio.com\/fr\/","logo":{"@type":"ImageObject","inLanguage":"fr-FR","@id":"https:\/\/www.zennio.com\/fr\/#\/schema\/logo\/image\/","url":"https:\/\/www.zennio.com\/wp-content\/uploads\/2026\/04\/ISOTIPO_en.png","contentUrl":"https:\/\/www.zennio.com\/wp-content\/uploads\/2026\/04\/ISOTIPO_en.png","width":906,"height":906,"caption":"Zennio"},"image":{"@id":"https:\/\/www.zennio.com\/fr\/#\/schema\/logo\/image\/"},"sameAs":["https:\/\/www.facebook.com\/ZennioSpain\/?locale=es_ES"]}]}},"_links":{"self":[{"href":"https:\/\/www.zennio.com\/fr\/wp-json\/wp\/v2\/pages\/87937","targetHints":{"allow":["GET"]}}],"collection":[{"href":"https:\/\/www.zennio.com\/fr\/wp-json\/wp\/v2\/pages"}],"about":[{"href":"https:\/\/www.zennio.com\/fr\/wp-json\/wp\/v2\/types\/page"}],"author":[{"embeddable":true,"href":"https:\/\/www.zennio.com\/fr\/wp-json\/wp\/v2\/users\/1"}],"replies":[{"embeddable":true,"href":"https:\/\/www.zennio.com\/fr\/wp-json\/wp\/v2\/comments?post=87937"}],"version-history":[{"count":1,"href":"https:\/\/www.zennio.com\/fr\/wp-json\/wp\/v2\/pages\/87937\/revisions"}],"predecessor-version":[{"id":87938,"href":"https:\/\/www.zennio.com\/fr\/wp-json\/wp\/v2\/pages\/87937\/revisions\/87938"}],"wp:attachment":[{"href":"https:\/\/www.zennio.com\/fr\/wp-json\/wp\/v2\/media?parent=87937"}],"curies":[{"name":"wp","href":"https:\/\/api.w.org\/{rel}","templated":true}]}}