{"id":59660,"date":"2022-06-02T06:48:19","date_gmt":"2022-06-02T04:48:19","guid":{"rendered":"https:\/\/www.zennio.com\/zennio-remote"},"modified":"2024-08-08T15:25:02","modified_gmt":"2024-08-08T13:25:02","slug":"zennio-remote","status":"publish","type":"page","link":"https:\/\/www.zennio.com\/fr\/zennio-remote\/","title":{"rendered":"Zennio Remote"},"content":{"rendered":"<p>[et_pb_section fb_built=&#8221;1&#8243; _builder_version=&#8221;4.19.4&#8243; _module_preset=&#8221;default&#8221; global_colors_info=&#8221;{}&#8221;][et_pb_row _builder_version=&#8221;4.19.4&#8243; _module_preset=&#8221;default&#8221; global_colors_info=&#8221;{}&#8221;][et_pb_column type=&#8221;4_4&#8243; _builder_version=&#8221;4.19.4&#8243; _module_preset=&#8221;default&#8221; global_colors_info=&#8221;{}&#8221;][et_pb_post_title meta=&#8221;off&#8221; featured_image=&#8221;off&#8221; _builder_version=&#8221;4.19.4&#8243; _module_preset=&#8221;default&#8221; title_font_size=&#8221;50px&#8221; global_colors_info=&#8221;{}&#8221;][\/et_pb_post_title][et_pb_text _builder_version=&#8221;4.26.1&#8243; _module_preset=&#8221;default&#8221; hover_enabled=&#8221;0&#8243; global_colors_info=&#8221;{}&#8221; sticky_enabled=&#8221;0&#8243;]<\/p>\n<p>Zennio Remote est une appli pour visualiser et contr\u00f4ler une installation KNX depuis des dispositifs portables (smartphones et tablettes) et des navigateurs web. Vous serez capable d&#8217;agir rapidement, facilement et avec s\u00e9curit\u00e9 sur votre installation KNX de n&#8217;importe o\u00f9, \u00e0 tout moment ! <\/p>\n<p>Vous n&#8217;aurez besoin que d&#8217;un \u00e9cran tactile Zennio (avec licence Remote Control) connect\u00e9e \u00e0 Internet et d&#8217;avoir l&#8217;appli install\u00e9e dans votre smartphone ou tablette, ou d&#8217;introduire l&#8217;adresse <a title=\"Zennio Remote Web\" href=\"https:\/\/web.zennioremote.com\/landing\" target=\"_blank\" rel=\"noopener\">https:\/\/web.zennioremote.com\/landing<\/a> dans votre navigateur.<\/p>\n<p>Pour installer l&#8217;appli dans votre dispositif portable : acc\u00e9dez \u00e0 votre App Store, t\u00e9l\u00e9chargez et installez l&#8217;appli dans votre smartphone ou tablette, apr\u00e8s avoir accepter l&#8217;EULA (en anglais).<\/p>\n<p>Cette appli peut \u00eatre utilis\u00e9e sans limite de temps, jusqu&#8217;\u00e0 la fin du service.<\/p>\n<p>[\/et_pb_text][\/et_pb_column][\/et_pb_row][\/et_pb_section]<\/p>\n","protected":false},"excerpt":{"rendered":"<p>Zennio Remote est une appli pour visualiser et contr\u00f4ler une installation KNX depuis des dispositifs portables (smartphones et tablettes) et des navigateurs web. Vous serez capable d&#8217;agir rapidement, facilement et avec s\u00e9curit\u00e9 sur votre installation KNX de n&#8217;importe o\u00f9, \u00e0 tout moment ! Vous n&#8217;aurez besoin que d&#8217;un \u00e9cran tactile Zennio (avec licence Remote Control) [&hellip;]<\/p>\n","protected":false},"author":10,"featured_media":0,"parent":0,"menu_order":0,"comment_status":"closed","ping_status":"closed","template":"","meta":{"_acf_changed":false,"_et_pb_use_builder":"on","_et_pb_old_content":"","_et_gb_content_width":"","footnotes":""},"class_list":["post-59660","page","type-page","status-publish","hentry"],"acf":[],"yoast_head":"<!-- This site is optimized with the Yoast SEO plugin v27.0 - https:\/\/yoast.com\/product\/yoast-seo-wordpress\/ -->\n<title>Zennio Remote | Zennio<\/title>\n<meta name=\"robots\" content=\"index, follow, max-snippet:-1, max-image-preview:large, max-video-preview:-1\" \/>\n<link rel=\"canonical\" href=\"https:\/\/www.zennio.com\/fr\/zennio-remote\/\" \/>\n<meta property=\"og:locale\" content=\"fr_FR\" \/>\n<meta property=\"og:type\" content=\"article\" \/>\n<meta property=\"og:title\" content=\"Zennio Remote | Zennio\" \/>\n<meta property=\"og:url\" content=\"https:\/\/www.zennio.com\/fr\/zennio-remote\/\" \/>\n<meta property=\"og:site_name\" content=\"Zennio\" \/>\n<meta property=\"article:modified_time\" content=\"2024-08-08T13:25:02+00:00\" \/>\n<meta name=\"twitter:card\" content=\"summary_large_image\" \/>\n<meta name=\"twitter:label1\" content=\"Est. reading time\" \/>\n\t<meta name=\"twitter:data1\" content=\"1 minute\" \/>\n<script type=\"application\/ld+json\" class=\"yoast-schema-graph\">{\"@context\":\"https:\/\/schema.org\",\"@graph\":[{\"@type\":\"WebPage\",\"@id\":\"https:\/\/www.zennio.com\/fr\/zennio-remote\/\",\"url\":\"https:\/\/www.zennio.com\/fr\/zennio-remote\/\",\"name\":\"Zennio Remote | Zennio\",\"isPartOf\":{\"@id\":\"https:\/\/www.zennio.com\/fr\/#website\"},\"datePublished\":\"2022-06-02T04:48:19+00:00\",\"dateModified\":\"2024-08-08T13:25:02+00:00\",\"breadcrumb\":{\"@id\":\"https:\/\/www.zennio.com\/fr\/zennio-remote\/#breadcrumb\"},\"inLanguage\":\"fr\",\"potentialAction\":[{\"@type\":\"ReadAction\",\"target\":[\"https:\/\/www.zennio.com\/fr\/zennio-remote\/\"]}]},{\"@type\":\"BreadcrumbList\",\"@id\":\"https:\/\/www.zennio.com\/fr\/zennio-remote\/#breadcrumb\",\"itemListElement\":[{\"@type\":\"ListItem\",\"position\":1,\"name\":\"Portada\",\"item\":\"https:\/\/www.zennio.com\/fr\/\"},{\"@type\":\"ListItem\",\"position\":2,\"name\":\"Zennio Remote\"}]},{\"@type\":\"WebSite\",\"@id\":\"https:\/\/www.zennio.com\/fr\/#website\",\"url\":\"https:\/\/www.zennio.com\/fr\/\",\"name\":\"Zennio\",\"description\":\"Zennio Global\",\"potentialAction\":[{\"@type\":\"SearchAction\",\"target\":{\"@type\":\"EntryPoint\",\"urlTemplate\":\"https:\/\/www.zennio.com\/fr\/?s={search_term_string}\"},\"query-input\":{\"@type\":\"PropertyValueSpecification\",\"valueRequired\":true,\"valueName\":\"search_term_string\"}}],\"inLanguage\":\"fr\"}]}<\/script>\n<!-- \/ Yoast SEO plugin. -->","yoast_head_json":{"title":"Zennio Remote | Zennio","robots":{"index":"index","follow":"follow","max-snippet":"max-snippet:-1","max-image-preview":"max-image-preview:large","max-video-preview":"max-video-preview:-1"},"canonical":"https:\/\/www.zennio.com\/fr\/zennio-remote\/","og_locale":"fr_FR","og_type":"article","og_title":"Zennio Remote | Zennio","og_url":"https:\/\/www.zennio.com\/fr\/zennio-remote\/","og_site_name":"Zennio","article_modified_time":"2024-08-08T13:25:02+00:00","twitter_card":"summary_large_image","twitter_misc":{"Est. reading time":"1 minute"},"schema":{"@context":"https:\/\/schema.org","@graph":[{"@type":"WebPage","@id":"https:\/\/www.zennio.com\/fr\/zennio-remote\/","url":"https:\/\/www.zennio.com\/fr\/zennio-remote\/","name":"Zennio Remote | Zennio","isPartOf":{"@id":"https:\/\/www.zennio.com\/fr\/#website"},"datePublished":"2022-06-02T04:48:19+00:00","dateModified":"2024-08-08T13:25:02+00:00","breadcrumb":{"@id":"https:\/\/www.zennio.com\/fr\/zennio-remote\/#breadcrumb"},"inLanguage":"fr","potentialAction":[{"@type":"ReadAction","target":["https:\/\/www.zennio.com\/fr\/zennio-remote\/"]}]},{"@type":"BreadcrumbList","@id":"https:\/\/www.zennio.com\/fr\/zennio-remote\/#breadcrumb","itemListElement":[{"@type":"ListItem","position":1,"name":"Portada","item":"https:\/\/www.zennio.com\/fr\/"},{"@type":"ListItem","position":2,"name":"Zennio Remote"}]},{"@type":"WebSite","@id":"https:\/\/www.zennio.com\/fr\/#website","url":"https:\/\/www.zennio.com\/fr\/","name":"Zennio","description":"Zennio Global","potentialAction":[{"@type":"SearchAction","target":{"@type":"EntryPoint","urlTemplate":"https:\/\/www.zennio.com\/fr\/?s={search_term_string}"},"query-input":{"@type":"PropertyValueSpecification","valueRequired":true,"valueName":"search_term_string"}}],"inLanguage":"fr"}]}},"_links":{"self":[{"href":"https:\/\/www.zennio.com\/fr\/wp-json\/wp\/v2\/pages\/59660","targetHints":{"allow":["GET"]}}],"collection":[{"href":"https:\/\/www.zennio.com\/fr\/wp-json\/wp\/v2\/pages"}],"about":[{"href":"https:\/\/www.zennio.com\/fr\/wp-json\/wp\/v2\/types\/page"}],"author":[{"embeddable":true,"href":"https:\/\/www.zennio.com\/fr\/wp-json\/wp\/v2\/users\/10"}],"replies":[{"embeddable":true,"href":"https:\/\/www.zennio.com\/fr\/wp-json\/wp\/v2\/comments?post=59660"}],"version-history":[{"count":5,"href":"https:\/\/www.zennio.com\/fr\/wp-json\/wp\/v2\/pages\/59660\/revisions"}],"predecessor-version":[{"id":59690,"href":"https:\/\/www.zennio.com\/fr\/wp-json\/wp\/v2\/pages\/59660\/revisions\/59690"}],"wp:attachment":[{"href":"https:\/\/www.zennio.com\/fr\/wp-json\/wp\/v2\/media?parent=59660"}],"curies":[{"name":"wp","href":"https:\/\/api.w.org\/{rel}","templated":true}]}}