{"id":3898,"date":"2022-02-05T11:54:18","date_gmt":"2022-02-05T10:54:18","guid":{"rendered":"https:\/\/www.zennio.com\/produits-2\/"},"modified":"2022-11-10T12:11:55","modified_gmt":"2022-11-10T11:11:55","slug":"produits","status":"publish","type":"page","link":"https:\/\/www.zennio.com\/fr\/produits\/","title":{"rendered":"Produits"},"content":{"rendered":"<p>[et_pb_section fb_built=&#8221;1&#8243; _builder_version=&#8221;4.16&#8243; _module_preset=&#8221;default&#8221; background_color=&#8221;#000000&#8243; custom_padding=&#8221;2rem||2rem||true|false&#8221; locked=&#8221;off&#8221; global_colors_info=&#8221;{}&#8221;][et_pb_row _builder_version=&#8221;4.16&#8243; _module_preset=&#8221;default&#8221; custom_padding=&#8221;0px||||false|false&#8221; global_colors_info=&#8221;{}&#8221;][et_pb_column type=&#8221;4_4&#8243; _builder_version=&#8221;4.16&#8243; _module_preset=&#8221;default&#8221; global_colors_info=&#8221;{}&#8221;][et_pb_text _builder_version=&#8221;4.16&#8243; _module_preset=&#8221;default&#8221; text_text_color=&#8221;#FBF2F2&#8243; text_font_size=&#8221;37px&#8221; text_line_height=&#8221;1.6em&#8221; header_font=&#8221;Brandon||||||||&#8221; header_text_color=&#8221;#FBF2F2&#8243; header_font_size=&#8221;75px&#8221; header_line_height=&#8221;1.7em&#8221; text_font_size_tablet=&#8221;37px&#8221; text_font_size_phone=&#8221;21px&#8221; text_font_size_last_edited=&#8221;on|phone&#8221; header_font_size_tablet=&#8221;75px&#8221; header_font_size_phone=&#8221;42px&#8221; header_font_size_last_edited=&#8221;on|phone&#8221; global_colors_info=&#8221;{}&#8221;]<\/p>\n<h1>Catalogue de produits<\/h1>\n<p>D\u00e9couvrez le catalogue de produits le plus complet du march\u00e9<\/p>\n<p>[\/et_pb_text][\/et_pb_column][\/et_pb_row][\/et_pb_section][et_pb_section fb_built=&#8221;1&#8243; _builder_version=&#8221;4.16&#8243; _module_preset=&#8221;default&#8221; global_colors_info=&#8221;{}&#8221;][et_pb_row column_structure=&#8221;1_3,1_3,1_3&#8243; _builder_version=&#8221;4.16&#8243; _module_preset=&#8221;default&#8221; global_colors_info=&#8221;{}&#8221;][et_pb_column type=&#8221;1_3&#8243; _builder_version=&#8221;4.16&#8243; _module_preset=&#8221;default&#8221; global_colors_info=&#8221;{}&#8221;][et_pb_blurb title=&#8221;Produits KNX&#8221; url=&#8221;https:\/\/www.zennio.com\/fr\/produits\/knx-fr\/&#8221; image=&#8221;https:\/\/www.zennio.com\/wp-content\/uploads\/2022\/01\/knx-products-1024&#215;841.jpg&#8221; _builder_version=&#8221;4.16&#8243; _module_preset=&#8221;default&#8221; header_font=&#8221;|||on|||||&#8221; animation_style=&#8221;slide&#8221; link_option_url=&#8221;https:\/\/www.zennio.com\/fr\/produits\/knx-fr\/&#8221; global_colors_info=&#8221;{}&#8221;][\/et_pb_blurb][\/et_pb_column][et_pb_column type=&#8221;1_3&#8243; _builder_version=&#8221;4.16&#8243; _module_preset=&#8221;default&#8221; global_colors_info=&#8221;{}&#8221;][et_pb_blurb title=&#8221;Visiophone&#8221; url=&#8221;https:\/\/www.zennio.com\/fr\/produits\/visiophone\/&#8221; image=&#8221;https:\/\/www.zennio.com\/wp-content\/uploads\/2022\/01\/video-intercom-1024&#215;841.jpg&#8221; _builder_version=&#8221;4.16&#8243; _module_preset=&#8221;default&#8221; header_font=&#8221;|||on|||||&#8221; animation_style=&#8221;slide&#8221; link_option_url=&#8221;https:\/\/www.zennio.com\/fr\/produits\/visiophone\/&#8221; global_colors_info=&#8221;{}&#8221;][\/et_pb_blurb][\/et_pb_column][et_pb_column type=&#8221;1_3&#8243; _builder_version=&#8221;4.16&#8243; _module_preset=&#8221;default&#8221; global_colors_info=&#8221;{}&#8221;][et_pb_blurb title=&#8221;M\u00e9canismes et Interrupteurs&#8221; url=&#8221;https:\/\/www.zennio.com\/fr\/produits\/mecanismes-et-interrupteurs\/&#8221; image=&#8221;https:\/\/www.zennio.com\/wp-content\/uploads\/2022\/01\/switches-and-sockets-1024&#215;841.jpg&#8221; _builder_version=&#8221;4.16&#8243; _module_preset=&#8221;default&#8221; header_font=&#8221;|||on|||||&#8221; animation_style=&#8221;slide&#8221; link_option_url=&#8221;https:\/\/www.zennio.com\/fr\/produits\/mecanismes-et-interrupteurs\/&#8221; global_colors_info=&#8221;{}&#8221;][\/et_pb_blurb][\/et_pb_column][\/et_pb_row][\/et_pb_section][et_pb_section fb_built=&#8221;1&#8243; _builder_version=&#8221;4.16&#8243; _module_preset=&#8221;default&#8221; custom_padding=&#8221;0px||||false|false&#8221; global_colors_info=&#8221;{}&#8221;][et_pb_row _builder_version=&#8221;4.16&#8243; _module_preset=&#8221;default&#8221; custom_padding=&#8221;0px||||false|false&#8221; global_colors_info=&#8221;{}&#8221;][et_pb_column type=&#8221;4_4&#8243; _builder_version=&#8221;4.16&#8243; _module_preset=&#8221;default&#8221; global_colors_info=&#8221;{}&#8221;][et_pb_text _builder_version=&#8221;4.16&#8243; _module_preset=&#8221;default&#8221; global_colors_info=&#8221;{}&#8221;]<\/p>\n<h2>La meilleure domotique du march\u00e9<\/h2>\n<p>Chez Zennio, nous apportons les derni\u00e8res innovations pour le r\u00e9sidentiel depuis 18 ans. Les nouveaux syst\u00e8mes et solutions permettent de r\u00e9duire la consommation d&#8217;\u00e9nergie en optimisant la gestion d&#8217;installations comme la climatisation, l&#8217;\u00e9clairage, ou les cloisonnements, et gr\u00e2ce \u00e0 des \u00e9conomiseurs d&#8217;\u00e9nergie qui contribuent \u00e0 une meilleure efficience \u00e9nerg\u00e9tique, ainsi qu&#8217;\u00e0 r\u00e9duire les factures d&#8217;approvisionnements. De plus, ces syst\u00e8mes peuvent \u00eatre facilement contr\u00f4lables, de n&#8217;importe o\u00f9 et n&#8217;importe quand, au moyen d&#8217;un smartphone ou une tablette.<\/p>\n<p>Cette m\u00eame technologie est utilis\u00e9e dans de grands complexes comme des h\u00f4tels ou des immeubles de bureaux, o\u00f9 un syst\u00e8me de gestion int\u00e9grale aide \u00e0 r\u00e9duire notablement la consommation d&#8217;\u00e9nergie. De la m\u00eame fa\u00e7on, ces dispositifs acc\u00e9l\u00e8rent certaines fonctions et permettent d&#8217;obtenir des donn\u00e9es fiables sur ce qui se passe dans le b\u00e2timent, comme les syst\u00e8mes de contr\u00f4le d&#8217;acc\u00e8s, les vid\u00e9o portiers ou les capteurs.<\/p>\n<p>[\/et_pb_text][\/et_pb_column][\/et_pb_row][et_pb_row _builder_version=&#8221;4.16&#8243; _module_preset=&#8221;default&#8221; global_colors_info=&#8221;{}&#8221;][et_pb_column type=&#8221;4_4&#8243; _builder_version=&#8221;4.16&#8243; _module_preset=&#8221;default&#8221; global_colors_info=&#8221;{}&#8221;][et_pb_text _builder_version=&#8221;4.19.0&#8243; _module_preset=&#8221;default&#8221; hover_enabled=&#8221;0&#8243; global_colors_info=&#8221;{}&#8221; sticky_enabled=&#8221;0&#8243;]<\/p>\n<h2>Connaissez nos syst\u00e8mes<\/h2>\n<p>Tous ces avantages font que, chaque jour, plus de personnes optent pour am\u00e9liorer leurs logements et leurs entreprises avec des solutions domotiques qui leur permettent de mieux contr\u00f4ler diff\u00e9rents aspects de leur maison ou lieu de travail. Chez Zennio, nous mettons \u00e0 votre disposition un des catalogues les plus complets du march\u00e9, en termes de produits comme de services. Depuis nos produits KNX pour le contr\u00f4le d&#8217;\u00e9clairages, climatisations, capteurs, interrupteurs ou multim\u00e9dia, jusqu&#8217;aux vid\u00e9o portiers et accessoires \u00e9lectriques, avec lesquels faire que votre espace soit encore plus intelligent.<\/p>\n<p>Si vous imaginez un meilleur environnement de travail ou un meilleur lieu de r\u00e9sidence, nous serons ravis de vous aider tout au long du processus de transformation, au moyen de notre excellent service client\u00e8le. Nous vous assisterons du d\u00e9but \u00e0 la fin de votre projet et vous pourrez aussi concevoir et personnaliser selon vos go\u00fbts certains de nos produits, comme dans le cas de nos interrupteurs capacitifs. Jetez un \u0153il \u00e0 notre vaste catalogue !<\/p>\n<p>[\/et_pb_text][\/et_pb_column][\/et_pb_row][\/et_pb_section]<\/p>\n","protected":false},"excerpt":{"rendered":"<p>Catalogue de produits D\u00e9couvrez le catalogue de produits le plus complet du march\u00e9La meilleure domotique du march\u00e9 Chez Zennio, nous apportons les derni\u00e8res innovations pour le r\u00e9sidentiel depuis 18 ans. Les nouveaux syst\u00e8mes et solutions permettent de r\u00e9duire la consommation d&#8217;\u00e9nergie en optimisant la gestion d&#8217;installations comme la climatisation, l&#8217;\u00e9clairage, ou les cloisonnements, et gr\u00e2ce [&hellip;]<\/p>\n","protected":false},"author":10,"featured_media":0,"parent":0,"menu_order":0,"comment_status":"closed","ping_status":"closed","template":"","meta":{"_acf_changed":false,"_et_pb_use_builder":"on","_et_pb_old_content":"","_et_gb_content_width":"","footnotes":""},"class_list":["post-3898","page","type-page","status-publish","hentry"],"acf":[],"yoast_head":"<!-- This site is optimized with the Yoast SEO plugin v27.0 - https:\/\/yoast.com\/product\/yoast-seo-wordpress\/ -->\n<title>Catalogue des produits \u27a1\ufe0f Zennio \u00ae<\/title>\n<meta name=\"description\" content=\"Catalogue complet des Produits de Zennio \u00ae \u27a1\ufe0f Le plus grand fabricant et distributeur agr\u00e9\u00e9 de produits domotiques KNX\" \/>\n<meta name=\"robots\" content=\"index, follow, max-snippet:-1, max-image-preview:large, max-video-preview:-1\" \/>\n<link rel=\"canonical\" href=\"https:\/\/www.zennio.com\/fr\/produits\/\" \/>\n<meta property=\"og:locale\" content=\"fr_FR\" \/>\n<meta property=\"og:type\" content=\"article\" \/>\n<meta property=\"og:title\" content=\"Catalogue des produits \u27a1\ufe0f Zennio \u00ae\" \/>\n<meta property=\"og:description\" content=\"Catalogue complet des Produits de Zennio \u00ae \u27a1\ufe0f Le plus grand fabricant et distributeur agr\u00e9\u00e9 de produits domotiques KNX\" \/>\n<meta property=\"og:url\" content=\"https:\/\/www.zennio.com\/fr\/produits\/\" \/>\n<meta property=\"og:site_name\" content=\"Zennio\" \/>\n<meta property=\"article:modified_time\" content=\"2022-11-10T11:11:55+00:00\" \/>\n<meta name=\"twitter:card\" content=\"summary_large_image\" \/>\n<meta name=\"twitter:label1\" content=\"Est. reading time\" \/>\n\t<meta name=\"twitter:data1\" content=\"2 minutes\" \/>\n<script type=\"application\/ld+json\" class=\"yoast-schema-graph\">{\"@context\":\"https:\/\/schema.org\",\"@graph\":[{\"@type\":\"WebPage\",\"@id\":\"https:\/\/www.zennio.com\/fr\/produits\/\",\"url\":\"https:\/\/www.zennio.com\/fr\/produits\/\",\"name\":\"Catalogue des produits \u27a1\ufe0f Zennio \u00ae\",\"isPartOf\":{\"@id\":\"https:\/\/www.zennio.com\/fr\/#website\"},\"datePublished\":\"2022-02-05T10:54:18+00:00\",\"dateModified\":\"2022-11-10T11:11:55+00:00\",\"description\":\"Catalogue complet des Produits de Zennio \u00ae \u27a1\ufe0f Le plus grand fabricant et distributeur agr\u00e9\u00e9 de produits domotiques KNX\",\"breadcrumb\":{\"@id\":\"https:\/\/www.zennio.com\/fr\/produits\/#breadcrumb\"},\"inLanguage\":\"fr\",\"potentialAction\":[{\"@type\":\"ReadAction\",\"target\":[\"https:\/\/www.zennio.com\/fr\/produits\/\"]}]},{\"@type\":\"BreadcrumbList\",\"@id\":\"https:\/\/www.zennio.com\/fr\/produits\/#breadcrumb\",\"itemListElement\":[{\"@type\":\"ListItem\",\"position\":1,\"name\":\"Portada\",\"item\":\"https:\/\/www.zennio.com\/fr\/\"},{\"@type\":\"ListItem\",\"position\":2,\"name\":\"Produits\"}]},{\"@type\":\"WebSite\",\"@id\":\"https:\/\/www.zennio.com\/fr\/#website\",\"url\":\"https:\/\/www.zennio.com\/fr\/\",\"name\":\"Zennio\",\"description\":\"Zennio Global\",\"potentialAction\":[{\"@type\":\"SearchAction\",\"target\":{\"@type\":\"EntryPoint\",\"urlTemplate\":\"https:\/\/www.zennio.com\/fr\/?s={search_term_string}\"},\"query-input\":{\"@type\":\"PropertyValueSpecification\",\"valueRequired\":true,\"valueName\":\"search_term_string\"}}],\"inLanguage\":\"fr\"}]}<\/script>\n<!-- \/ Yoast SEO plugin. -->","yoast_head_json":{"title":"Catalogue des produits \u27a1\ufe0f Zennio \u00ae","description":"Catalogue complet des Produits de Zennio \u00ae \u27a1\ufe0f Le plus grand fabricant et distributeur agr\u00e9\u00e9 de produits domotiques KNX","robots":{"index":"index","follow":"follow","max-snippet":"max-snippet:-1","max-image-preview":"max-image-preview:large","max-video-preview":"max-video-preview:-1"},"canonical":"https:\/\/www.zennio.com\/fr\/produits\/","og_locale":"fr_FR","og_type":"article","og_title":"Catalogue des produits \u27a1\ufe0f Zennio \u00ae","og_description":"Catalogue complet des Produits de Zennio \u00ae \u27a1\ufe0f Le plus grand fabricant et distributeur agr\u00e9\u00e9 de produits domotiques KNX","og_url":"https:\/\/www.zennio.com\/fr\/produits\/","og_site_name":"Zennio","article_modified_time":"2022-11-10T11:11:55+00:00","twitter_card":"summary_large_image","twitter_misc":{"Est. reading time":"2 minutes"},"schema":{"@context":"https:\/\/schema.org","@graph":[{"@type":"WebPage","@id":"https:\/\/www.zennio.com\/fr\/produits\/","url":"https:\/\/www.zennio.com\/fr\/produits\/","name":"Catalogue des produits \u27a1\ufe0f Zennio \u00ae","isPartOf":{"@id":"https:\/\/www.zennio.com\/fr\/#website"},"datePublished":"2022-02-05T10:54:18+00:00","dateModified":"2022-11-10T11:11:55+00:00","description":"Catalogue complet des Produits de Zennio \u00ae \u27a1\ufe0f Le plus grand fabricant et distributeur agr\u00e9\u00e9 de produits domotiques KNX","breadcrumb":{"@id":"https:\/\/www.zennio.com\/fr\/produits\/#breadcrumb"},"inLanguage":"fr","potentialAction":[{"@type":"ReadAction","target":["https:\/\/www.zennio.com\/fr\/produits\/"]}]},{"@type":"BreadcrumbList","@id":"https:\/\/www.zennio.com\/fr\/produits\/#breadcrumb","itemListElement":[{"@type":"ListItem","position":1,"name":"Portada","item":"https:\/\/www.zennio.com\/fr\/"},{"@type":"ListItem","position":2,"name":"Produits"}]},{"@type":"WebSite","@id":"https:\/\/www.zennio.com\/fr\/#website","url":"https:\/\/www.zennio.com\/fr\/","name":"Zennio","description":"Zennio Global","potentialAction":[{"@type":"SearchAction","target":{"@type":"EntryPoint","urlTemplate":"https:\/\/www.zennio.com\/fr\/?s={search_term_string}"},"query-input":{"@type":"PropertyValueSpecification","valueRequired":true,"valueName":"search_term_string"}}],"inLanguage":"fr"}]}},"_links":{"self":[{"href":"https:\/\/www.zennio.com\/fr\/wp-json\/wp\/v2\/pages\/3898","targetHints":{"allow":["GET"]}}],"collection":[{"href":"https:\/\/www.zennio.com\/fr\/wp-json\/wp\/v2\/pages"}],"about":[{"href":"https:\/\/www.zennio.com\/fr\/wp-json\/wp\/v2\/types\/page"}],"author":[{"embeddable":true,"href":"https:\/\/www.zennio.com\/fr\/wp-json\/wp\/v2\/users\/10"}],"replies":[{"embeddable":true,"href":"https:\/\/www.zennio.com\/fr\/wp-json\/wp\/v2\/comments?post=3898"}],"version-history":[{"count":1,"href":"https:\/\/www.zennio.com\/fr\/wp-json\/wp\/v2\/pages\/3898\/revisions"}],"predecessor-version":[{"id":34763,"href":"https:\/\/www.zennio.com\/fr\/wp-json\/wp\/v2\/pages\/3898\/revisions\/34763"}],"wp:attachment":[{"href":"https:\/\/www.zennio.com\/fr\/wp-json\/wp\/v2\/media?parent=3898"}],"curies":[{"name":"wp","href":"https:\/\/api.w.org\/{rel}","templated":true}]}}