{"id":75853,"date":"2025-09-11T14:04:28","date_gmt":"2025-09-11T12:04:28","guid":{"rendered":"https:\/\/www.zennio.com\/?page_id=75853"},"modified":"2025-12-10T15:00:14","modified_gmt":"2025-12-10T14:00:14","slug":"home","status":"publish","type":"page","link":"https:\/\/www.zennio.com\/es\/","title":{"rendered":"Home Es"},"content":{"rendered":"<p>[et_pb_section fb_built=&#8221;1&#8243; custom_padding_last_edited=&#8221;on|tablet&#8221; _builder_version=&#8221;4.16&#8243; _module_preset=&#8221;default&#8221; custom_padding=&#8221;3rem|3rem|3rem|3rem|true|true&#8221; custom_padding_tablet=&#8221;2rem|0rem|2rem|0rem|true|true&#8221; custom_padding_phone=&#8221;2rem|0rem|2rem|0rem|true|true&#8221; locked=&#8221;off&#8221; global_colors_info=&#8221;{}&#8221;][et_pb_row disabled_on=&#8221;off|off|on&#8221; _builder_version=&#8221;4.16&#8243; _module_preset=&#8221;default&#8221; width=&#8221;100%&#8221; custom_padding=&#8221;|2rem||2rem|false|true&#8221; global_colors_info=&#8221;{}&#8221;][et_pb_column type=&#8221;4_4&#8243; _builder_version=&#8221;4.16&#8243; _module_preset=&#8221;default&#8221; global_colors_info=&#8221;{}&#8221;][et_pb_text _builder_version=&#8221;4.16&#8243; _module_preset=&#8221;default&#8221; text_font_size=&#8221;2.8rem&#8221; text_line_height=&#8221;1.3em&#8221; global_colors_info=&#8221;{}&#8221;]<\/p>\n<p>Soluciones de tecnolog\u00eda para hoteles, viviendas y edificios<\/p>\n<p>[\/et_pb_text][\/et_pb_column][\/et_pb_row][et_pb_row _builder_version=&#8221;4.16&#8243; _module_preset=&#8221;default&#8221; background_image=&#8221;https:\/\/www.zennio.com\/wp-content\/uploads\/2021\/02\/home.jpg&#8221; width=&#8221;100%&#8221; max_width=&#8221;2560px&#8221; min_height=&#8221;450px&#8221; height=&#8221;50vw&#8221; custom_padding=&#8221;0px||0px|0px|false|false&#8221; global_colors_info=&#8221;{}&#8221;][et_pb_column type=&#8221;4_4&#8243; _builder_version=&#8221;4.16&#8243; _module_preset=&#8221;default&#8221; global_colors_info=&#8221;{}&#8221;][et_pb_text disabled_on=&#8221;on|on|off&#8221; _builder_version=&#8221;4.18.0&#8243; _module_preset=&#8221;default&#8221; text_text_color=&#8221;#000000&#8243; text_font_size=&#8221;4rem&#8221; text_line_height=&#8221;1.2em&#8221; positioning=&#8221;absolute&#8221; position_origin_a=&#8221;top_right&#8221; vertical_offset=&#8221;6rem&#8221; horizontal_offset=&#8221;6rem&#8221; z_index=&#8221;9&#8243; text_orientation=&#8221;right&#8221; width=&#8221;100%&#8221; max_width=&#8221;700px&#8221; animation_style=&#8221;slide&#8221; global_colors_info=&#8221;{}&#8221;]<\/p>\n<p>Soluciones de tecnolog\u00eda para hoteles, viviendas y edificios<\/p>\n<p>[\/et_pb_text][\/et_pb_column][\/et_pb_row][\/et_pb_section][et_pb_section fb_built=&#8221;1&#8243; custom_padding_last_edited=&#8221;on|tablet&#8221; _builder_version=&#8221;4.16&#8243; _module_preset=&#8221;default&#8221; custom_padding_tablet=&#8221;|1rem||1rem|false|true&#8221; custom_padding_phone=&#8221;|1rem||1rem|false|true&#8221; locked=&#8221;off&#8221; global_colors_info=&#8221;{}&#8221;][et_pb_row _builder_version=&#8221;4.16&#8243; _module_preset=&#8221;default&#8221; width=&#8221;100%&#8221; custom_padding=&#8221;0px||0px||false|false&#8221; global_colors_info=&#8221;{}&#8221;][et_pb_column type=&#8221;4_4&#8243; _builder_version=&#8221;4.16&#8243; _module_preset=&#8221;default&#8221; global_colors_info=&#8221;{}&#8221;][et_pb_image src=&#8221;https:\/\/www.zennio.com\/wp-content\/uploads\/2021\/02\/portada-disenio-zennio.jpg&#8221; title_text=&#8221;portada-disenio-zennio&#8221; force_fullwidth=&#8221;on&#8221; disabled_on=&#8221;off|off|on&#8221; _builder_version=&#8221;4.16&#8243; _module_preset=&#8221;default&#8221; global_colors_info=&#8221;{}&#8221;][\/et_pb_image][\/et_pb_column][\/et_pb_row][et_pb_row column_structure=&#8221;2_5,3_5&#8243; make_equal=&#8221;on&#8221; module_class=&#8221;hoverable-zennio clickableBlock&#8221; _builder_version=&#8221;4.16&#8243; _module_preset=&#8221;default&#8221; background_color=&#8221;#FBF2F2&#8243; width_tablet=&#8221;100%&#8221; width_phone=&#8221;100%&#8221; width_last_edited=&#8221;on|tablet&#8221; max_height=&#8221;500px&#8221; custom_css_main_element=&#8221;display:flex;||align-items:center;&#8221; global_colors_info=&#8221;{}&#8221;][et_pb_column type=&#8221;2_5&#8243; _builder_version=&#8221;4.16&#8243; _module_preset=&#8221;default&#8221; global_colors_info=&#8221;{}&#8221;][et_pb_text _builder_version=&#8221;4.16&#8243; _module_preset=&#8221;default&#8221; text_font=&#8221;||||||||&#8221; text_font_size=&#8221;1.4rem&#8221; text_line_height=&#8221;1.5em&#8221; header_3_font_size=&#8221;1.4rem&#8221; custom_padding=&#8221;3rem|3rem|3rem|3rem|true|true&#8221; custom_padding_tablet=&#8221;3rem|3rem|3rem|3rem|true|true&#8221; custom_padding_phone=&#8221;2rem|2rem|2rem|2rem|true|true&#8221; custom_padding_last_edited=&#8221;on|phone&#8221; text_font_size_tablet=&#8221;1.4rem&#8221; text_font_size_phone=&#8221;1.2rem&#8221; text_font_size_last_edited=&#8221;on|phone&#8221; global_colors_info=&#8221;{}&#8221;]<\/p>\n<h3 class=\"zennio-title\">DISE\u00d1O<\/h3>\n<p><span>Lleno de detalles sutiles y seductores. Una mezcla perfecta de tecnolog\u00eda, innovaci\u00f3n y materiales para disfrutar de la m\u00e1xima funcionalidad y rendimiento. Dise\u00f1os elegantes y equilibrados que superan cualquier expectativa.  <\/span><\/p>\n<p><a href=\"https:\/\/www.zennio.com\/es\/diseno\"><strong style=\"font-size: 1rem;\">VER M\u00c1S<\/strong><\/a><\/p>\n<p>[\/et_pb_text][\/et_pb_column][et_pb_column type=&#8221;3_5&#8243; disabled_on=&#8221;on|on|off&#8221; _builder_version=&#8221;4.16&#8243; _module_preset=&#8221;default&#8221; global_colors_info=&#8221;{}&#8221;][et_pb_image src=&#8221;https:\/\/www.zennio.com\/wp-content\/uploads\/2022\/09\/CGI0285JCAM02V02_M55NEG3H_DER_F55X1_2USB_SSCH_Z35_reflejo-web.jpg&#8221; title_text=&#8221;CGI0285JCAM02V02_M55NEG3H_DER_F55X1_2USB_SSCH_Z35_reflejo-web&#8221; disabled_on=&#8221;on|on|off&#8221; _builder_version=&#8221;4.19.3&#8243; _module_preset=&#8221;default&#8221; transform_scale=&#8221;78%|78%&#8221; global_colors_info=&#8221;{}&#8221;][\/et_pb_image][\/et_pb_column][\/et_pb_row][\/et_pb_section][et_pb_section fb_built=&#8221;1&#8243; custom_padding_last_edited=&#8221;on|tablet&#8221; _builder_version=&#8221;4.16&#8243; _module_preset=&#8221;default&#8221; custom_padding_tablet=&#8221;|1rem||1rem|false|true&#8221; custom_padding_phone=&#8221;|1rem||1rem|false|true&#8221; locked=&#8221;off&#8221; global_colors_info=&#8221;{}&#8221;][et_pb_row _builder_version=&#8221;4.16&#8243; _module_preset=&#8221;default&#8221; width=&#8221;100%&#8221; custom_padding=&#8221;0px||0px||false|false&#8221; global_colors_info=&#8221;{}&#8221;][et_pb_column type=&#8221;4_4&#8243; _builder_version=&#8221;4.16&#8243; _module_preset=&#8221;default&#8221; global_colors_info=&#8221;{}&#8221;][et_pb_image src=&#8221;https:\/\/www.zennio.com\/wp-content\/uploads\/2021\/02\/portada-productos.jpg&#8221; title_text=&#8221;portada-productos&#8221; force_fullwidth=&#8221;on&#8221; disabled_on=&#8221;off|off|on&#8221; _builder_version=&#8221;4.16&#8243; _module_preset=&#8221;default&#8221; global_colors_info=&#8221;{}&#8221;][\/et_pb_image][\/et_pb_column][\/et_pb_row][et_pb_row column_structure=&#8221;2_5,3_5&#8243; make_equal=&#8221;on&#8221; module_class=&#8221;hoverable-zennio clickableBlock&#8221; _builder_version=&#8221;4.27.4&#8243; _dynamic_attributes=&#8221;link_option_url&#8221; _module_preset=&#8221;default&#8221; background_color=&#8221;#FBF2F2&#8243; width_tablet=&#8221;100%&#8221; width_phone=&#8221;100%&#8221; width_last_edited=&#8221;on|tablet&#8221; max_height=&#8221;500px&#8221; link_option_url=&#8221;@ET-DC@eyJkeW5hbWljIjp0cnVlLCJjb250ZW50IjoicG9zdF9saW5rX3VybF9wYWdlIiwic2V0dGluZ3MiOnsicG9zdF9pZCI6IjE0MTMifX0=@&#8221; hover_enabled=&#8221;0&#8243; custom_css_main_element=&#8221;display:flex;||align-items:center;&#8221; global_colors_info=&#8221;{}&#8221; sticky_enabled=&#8221;0&#8243;][et_pb_column type=&#8221;2_5&#8243; _builder_version=&#8221;4.16&#8243; _module_preset=&#8221;default&#8221; global_colors_info=&#8221;{}&#8221;][et_pb_text _builder_version=&#8221;4.16&#8243; _module_preset=&#8221;default&#8221; text_font=&#8221;||||||||&#8221; text_font_size=&#8221;1.4rem&#8221; text_line_height=&#8221;1.5em&#8221; header_3_font_size=&#8221;1.4rem&#8221; custom_padding=&#8221;3rem|3rem|3rem|3rem|true|true&#8221; custom_padding_tablet=&#8221;2rem|2rem|2rem|2rem|true|true&#8221; custom_padding_phone=&#8221;2rem|2rem|2rem|2rem|true|true&#8221; custom_padding_last_edited=&#8221;on|tablet&#8221; text_font_size_tablet=&#8221;1.4rem&#8221; text_font_size_phone=&#8221;1.2rem&#8221; text_font_size_last_edited=&#8221;on|phone&#8221; global_colors_info=&#8221;{}&#8221;]<\/p>\n<h3 class=\"zennio-title\">PRODUCTOS<\/h3>\n<p><span>Descubre nuestros productos tecnol\u00f3gicos de \u00faltima generaci\u00f3n. M\u00e1s innovadores de lo que imaginas, m\u00e1s potentes y con m\u00e1s funcionalidades para conseguir la mejor experiencia de usuario. Totalmente personalizables, con la \u00faltima tecnolog\u00eda y dise\u00f1o.  <\/span><\/p>\n<p><a href=\"https:\/\/www.zennio.com\/es\/productos\"><strong style=\"font-size: 1rem;\">VER M\u00c1S<\/strong><\/a><\/p>\n<p>[\/et_pb_text][\/et_pb_column][et_pb_column type=&#8221;3_5&#8243; disabled_on=&#8221;on|on|off&#8221; _builder_version=&#8221;4.16&#8243; _module_preset=&#8221;default&#8221; global_colors_info=&#8221;{}&#8221;][et_pb_image src=&#8221;https:\/\/www.zennio.com\/wp-content\/uploads\/2021\/02\/portada-productos.jpg&#8221; title_text=&#8221;portada-productos&#8221; disabled_on=&#8221;on|on|off&#8221; _builder_version=&#8221;4.16&#8243; _module_preset=&#8221;default&#8221; transform_scale=&#8221;78%|78%&#8221; hover_enabled=&#8221;0&#8243; global_colors_info=&#8221;{}&#8221; sticky_enabled=&#8221;0&#8243;][\/et_pb_image][\/et_pb_column][\/et_pb_row][\/et_pb_section][et_pb_section fb_built=&#8221;1&#8243; custom_padding_last_edited=&#8221;on|tablet&#8221; _builder_version=&#8221;4.16&#8243; _module_preset=&#8221;default&#8221; custom_padding_tablet=&#8221;0px|1rem||1rem|false|true&#8221; custom_padding_phone=&#8221;0px|1rem||1rem|false|true&#8221; locked=&#8221;off&#8221; global_colors_info=&#8221;{}&#8221;][et_pb_row column_structure=&#8221;1_2,1_2&#8243; make_equal=&#8221;on&#8221; _builder_version=&#8221;4.16&#8243; _module_preset=&#8221;default&#8221; background_enable_color=&#8221;off&#8221; width_tablet=&#8221;100%&#8221; width_phone=&#8221;100%&#8221; width_last_edited=&#8221;on|tablet&#8221; global_colors_info=&#8221;{}&#8221;][et_pb_column type=&#8221;1_2&#8243; module_class=&#8221;hoverable-zennio clickableBlock&#8221; _builder_version=&#8221;4.16&#8243; _module_preset=&#8221;default&#8221; background_color=&#8221;#FBF2F2&#8243; global_colors_info=&#8221;{}&#8221;][et_pb_text _builder_version=&#8221;4.16&#8243; _module_preset=&#8221;default&#8221; text_font=&#8221;||||||||&#8221; text_font_size=&#8221;1.4rem&#8221; text_line_height=&#8221;1.5em&#8221; header_3_font_size=&#8221;1.4rem&#8221; custom_padding=&#8221;3rem|3rem|3rem|3rem|true|true&#8221; custom_padding_tablet=&#8221;3rem|3rem|3rem|3rem|true|true&#8221; custom_padding_phone=&#8221;2rem|2rem|2rem|2rem|true|true&#8221; custom_padding_last_edited=&#8221;on|phone&#8221; text_font_size_tablet=&#8221;1.4rem&#8221; text_font_size_phone=&#8221;1.2rem&#8221; text_font_size_last_edited=&#8221;on|phone&#8221; global_colors_info=&#8221;{}&#8221;]<\/p>\n<h3 class=\"zennio-title\">CAT\u00c1LOGO<\/h3>\n<p><span>Descubre cu\u00e1l es la mejor soluci\u00f3n para ti. Conoce las \u00faltimas soluciones tecnol\u00f3gicas que te ayudar\u00e1n a mejorar tu confort y bienestar todos los d\u00edas del a\u00f1o. Transforma tu casa, hotel, oficina, negocio&#8230; \u00a1Y vive mucho mejor!   <\/span><\/p>\n<p><a href=\"https:\/\/www.zennio.com\/es\/catalogo\"><strong style=\"font-size: 1rem;\">VER M\u00c1S<\/strong><\/a><\/p>\n<p>[\/et_pb_text][\/et_pb_column][et_pb_column type=&#8221;1_2&#8243; module_class=&#8221;hoverable-zennio clickableBlock&#8221; _builder_version=&#8221;4.16&#8243; _module_preset=&#8221;default&#8221; background_color=&#8221;#FBF2F2&#8243; global_colors_info=&#8221;{}&#8221;][et_pb_text _builder_version=&#8221;4.16&#8243; _module_preset=&#8221;default&#8221; text_font=&#8221;||||||||&#8221; text_font_size=&#8221;1.4rem&#8221; text_line_height=&#8221;1.5em&#8221; header_3_font_size=&#8221;1.4rem&#8221; custom_padding=&#8221;3rem|3rem|3rem|3rem|true|true&#8221; custom_padding_tablet=&#8221;3rem|3rem|3rem|3rem|true|true&#8221; custom_padding_phone=&#8221;2rem|2rem|2rem|2rem|true|true&#8221; custom_padding_last_edited=&#8221;on|phone&#8221; text_font_size_tablet=&#8221;1.4rem&#8221; text_font_size_phone=&#8221;1.2rem&#8221; text_font_size_last_edited=&#8221;on|phone&#8221; global_colors_info=&#8221;{}&#8221;]<\/p>\n<h3 class=\"zennio-title\">SERVICIOS<\/h3>\n<p><span>En este apartado encontrar\u00e1s diferentes herramientas y un amplio equipo de personas para ayudarte a convertir tus proyectos en \u00e9xitos rotundos. Accede a nuestro soporte web, TMD Web, servicios y herramientas de prescripci\u00f3n t\u00e9cnica, formaci\u00f3n, newsletter y mucho m\u00e1s&#8230;<\/span><\/p>\n<p><a href=\"https:\/\/www.zennio.com\/es\/servicios\"><strong style=\"font-size: 1rem;\">VER M\u00c1S<\/strong><\/a><\/p>\n<p>[\/et_pb_text][\/et_pb_column][\/et_pb_row][\/et_pb_section]<\/p>\n","protected":false},"excerpt":{"rendered":"<p>Soluciones de tecnolog\u00eda para hoteles, viviendas y edificiosSoluciones de tecnolog\u00eda para hoteles, viviendas y edificiosDISE\u00d1O Lleno de detalles sutiles y seductores. Una mezcla perfecta de tecnolog\u00eda, innovaci\u00f3n y materiales para disfrutar de la m\u00e1xima funcionalidad y rendimiento. Dise\u00f1os elegantes y equilibrados que superan cualquier expectativa. VER M\u00c1SPRODUCTOS Descubre nuestros productos tecnol\u00f3gicos de \u00faltima generaci\u00f3n. M\u00e1s [&hellip;]<\/p>\n","protected":false},"author":15,"featured_media":0,"parent":0,"menu_order":0,"comment_status":"closed","ping_status":"closed","template":"","meta":{"_acf_changed":false,"_et_pb_use_builder":"on","_et_pb_old_content":"","_et_gb_content_width":"","footnotes":""},"class_list":["post-75853","page","type-page","status-publish","hentry"],"acf":[],"yoast_head":"<!-- This site is optimized with the Yoast SEO plugin v27.0 - https:\/\/yoast.com\/product\/yoast-seo-wordpress\/ -->\n<title>Home Es | Zennio<\/title>\n<meta name=\"robots\" content=\"index, follow, max-snippet:-1, max-image-preview:large, max-video-preview:-1\" \/>\n<link rel=\"canonical\" href=\"https:\/\/www.zennio.com\/es\/\" \/>\n<meta property=\"og:locale\" content=\"es_ES\" \/>\n<meta property=\"og:type\" content=\"article\" \/>\n<meta property=\"og:title\" content=\"Home Es | Zennio\" \/>\n<meta property=\"og:url\" content=\"https:\/\/www.zennio.com\/es\/\" \/>\n<meta property=\"og:site_name\" content=\"Zennio\" \/>\n<meta property=\"article:modified_time\" content=\"2025-12-10T14:00:14+00:00\" \/>\n<meta name=\"twitter:card\" content=\"summary_large_image\" \/>\n<script type=\"application\/ld+json\" class=\"yoast-schema-graph\">{\"@context\":\"https:\/\/schema.org\",\"@graph\":[{\"@type\":\"WebPage\",\"@id\":\"https:\/\/www.zennio.com\/es\/\",\"url\":\"https:\/\/www.zennio.com\/es\/\",\"name\":\"Home Es | Zennio\",\"isPartOf\":{\"@id\":\"https:\/\/www.zennio.com\/es\/#website\"},\"datePublished\":\"2025-09-11T12:04:28+00:00\",\"dateModified\":\"2025-12-10T14:00:14+00:00\",\"breadcrumb\":{\"@id\":\"https:\/\/www.zennio.com\/es\/#breadcrumb\"},\"inLanguage\":\"es\",\"potentialAction\":[{\"@type\":\"ReadAction\",\"target\":[\"https:\/\/www.zennio.com\/es\/\"]}]},{\"@type\":\"BreadcrumbList\",\"@id\":\"https:\/\/www.zennio.com\/es\/#breadcrumb\",\"itemListElement\":[{\"@type\":\"ListItem\",\"position\":1,\"name\":\"Portada\",\"item\":\"https:\/\/www.zennio.com\/es\/home\/\"},{\"@type\":\"ListItem\",\"position\":2,\"name\":\"Home Es\"}]},{\"@type\":\"WebSite\",\"@id\":\"https:\/\/www.zennio.com\/es\/#website\",\"url\":\"https:\/\/www.zennio.com\/es\/\",\"name\":\"Zennio\",\"description\":\"Zennio Global\",\"potentialAction\":[{\"@type\":\"SearchAction\",\"target\":{\"@type\":\"EntryPoint\",\"urlTemplate\":\"https:\/\/www.zennio.com\/es\/?s={search_term_string}\"},\"query-input\":{\"@type\":\"PropertyValueSpecification\",\"valueRequired\":true,\"valueName\":\"search_term_string\"}}],\"inLanguage\":\"es\"}]}<\/script>\n<!-- \/ Yoast SEO plugin. -->","yoast_head_json":{"title":"Home Es | Zennio","robots":{"index":"index","follow":"follow","max-snippet":"max-snippet:-1","max-image-preview":"max-image-preview:large","max-video-preview":"max-video-preview:-1"},"canonical":"https:\/\/www.zennio.com\/es\/","og_locale":"es_ES","og_type":"article","og_title":"Home Es | Zennio","og_url":"https:\/\/www.zennio.com\/es\/","og_site_name":"Zennio","article_modified_time":"2025-12-10T14:00:14+00:00","twitter_card":"summary_large_image","schema":{"@context":"https:\/\/schema.org","@graph":[{"@type":"WebPage","@id":"https:\/\/www.zennio.com\/es\/","url":"https:\/\/www.zennio.com\/es\/","name":"Home Es | Zennio","isPartOf":{"@id":"https:\/\/www.zennio.com\/es\/#website"},"datePublished":"2025-09-11T12:04:28+00:00","dateModified":"2025-12-10T14:00:14+00:00","breadcrumb":{"@id":"https:\/\/www.zennio.com\/es\/#breadcrumb"},"inLanguage":"es","potentialAction":[{"@type":"ReadAction","target":["https:\/\/www.zennio.com\/es\/"]}]},{"@type":"BreadcrumbList","@id":"https:\/\/www.zennio.com\/es\/#breadcrumb","itemListElement":[{"@type":"ListItem","position":1,"name":"Portada","item":"https:\/\/www.zennio.com\/es\/home\/"},{"@type":"ListItem","position":2,"name":"Home Es"}]},{"@type":"WebSite","@id":"https:\/\/www.zennio.com\/es\/#website","url":"https:\/\/www.zennio.com\/es\/","name":"Zennio","description":"Zennio Global","potentialAction":[{"@type":"SearchAction","target":{"@type":"EntryPoint","urlTemplate":"https:\/\/www.zennio.com\/es\/?s={search_term_string}"},"query-input":{"@type":"PropertyValueSpecification","valueRequired":true,"valueName":"search_term_string"}}],"inLanguage":"es"}]}},"_links":{"self":[{"href":"https:\/\/www.zennio.com\/es\/wp-json\/wp\/v2\/pages\/75853","targetHints":{"allow":["GET"]}}],"collection":[{"href":"https:\/\/www.zennio.com\/es\/wp-json\/wp\/v2\/pages"}],"about":[{"href":"https:\/\/www.zennio.com\/es\/wp-json\/wp\/v2\/types\/page"}],"author":[{"embeddable":true,"href":"https:\/\/www.zennio.com\/es\/wp-json\/wp\/v2\/users\/15"}],"replies":[{"embeddable":true,"href":"https:\/\/www.zennio.com\/es\/wp-json\/wp\/v2\/comments?post=75853"}],"version-history":[{"count":10,"href":"https:\/\/www.zennio.com\/es\/wp-json\/wp\/v2\/pages\/75853\/revisions"}],"predecessor-version":[{"id":81216,"href":"https:\/\/www.zennio.com\/es\/wp-json\/wp\/v2\/pages\/75853\/revisions\/81216"}],"wp:attachment":[{"href":"https:\/\/www.zennio.com\/es\/wp-json\/wp\/v2\/media?parent=75853"}],"curies":[{"name":"wp","href":"https:\/\/api.w.org\/{rel}","templated":true}]}}