{"id":66372,"date":"2024-12-09T15:32:12","date_gmt":"2024-12-09T14:32:12","guid":{"rendered":"https:\/\/www.zennio.com\/csn-isn-converter"},"modified":"2025-02-20T10:02:07","modified_gmt":"2025-02-20T09:02:07","slug":"conversor-csn-isn","status":"publish","type":"page","link":"https:\/\/www.zennio.com\/es\/conversor-csn-isn\/","title":{"rendered":"Conversor CSN-ISN"},"content":{"rendered":"<p>[et_pb_section fb_built=&#8221;1&#8243; _builder_version=&#8221;4.16&#8243; global_colors_info=&#8221;{}&#8221;][et_pb_row _builder_version=&#8221;4.16&#8243; background_size=&#8221;initial&#8221; background_position=&#8221;top_left&#8221; background_repeat=&#8221;repeat&#8221; global_colors_info=&#8221;{}&#8221;][et_pb_column type=&#8221;4_4&#8243; _builder_version=&#8221;4.16&#8243; custom_padding=&#8221;|||&#8221; global_colors_info=&#8221;{}&#8221; custom_padding__hover=&#8221;|||&#8221;][et_pb_code _builder_version=&#8221;4.27.2&#8243; _module_preset=&#8221;default&#8221; hover_enabled=&#8221;0&#8243; sticky_enabled=&#8221;0&#8243;]<form class=\"form-search-downloads\" method=\"get\" data-action=\"https:\/\/www.zennio.com\/es\/conversor-csn-isn\/\"><label>Buscar por CSN o ISN<\/label><p class=\"help-text\">Puedes buscar una o varias referencias separadas por comas.<\/p><div class=\"wrapper-input\"><input type=\"text\" id=\"input-search-download\" name=\"r\" value=\"\" placeholder=\"Introduce una o varias referencias CSN o ISN\" \/><span class=\"submit-search-icon\"><svg focusable=\"false\" aria-label=\"Search\" xmlns=\"http:\/\/www.w3.org\/2000\/svg\" viewBox=\"0 0 24 24\" width=\"24px\"><path d=\"M15.5 14h-.79l-.28-.27C15.41 12.59 16 11.11 16 9.5 16 5.91 13.09 3 9.5 3S3 5.91 3 9.5 5.91 16 9.5 16c1.61 0 3.09-.59 4.23-1.57l.27.28v.79l5 4.99L20.49 19l-4.99-5zm-6 0C7.01 14 5 11.99 5 9.5S7.01 5 9.5 5 14 7.01 14 9.5 11.99 14 9.5 14z\"><\/path><\/svg><\/span><\/div><\/form><style type=\"text\/css\">\n\t.table-downloads-repository {\n\t\tborder-collapse: collapse;\n\t\tborder: none !important;\n\t}\n\t.table-downloads-repository thead tr th {\n\t\tposition: -webkit-sticky;\n\t\tposition: sticky;\n\t\ttop: 0;\n\t\tbackground: #EAEAEA;\n\t\tfont-family: 'BrandonBold', Helvetica, sans-serif;\n\t\tfont-weight: 700 !important;\n\t\ttext-align: left;\n\t\tz-index: 2;\n\t}\n\t.table-downloads-repository tbody tr td {\n\t\tborder: solid 1px #CCC !important;\n\t\ttext-align: left;\n\t}\n\t.table-downloads-repository .download-link {\n\t\tfont-size: 14px;\n\t\tfont-weight: 600;\n\t\tletter-spacing: 1px;\n\t\ttext-transform: uppercase;\n\t\tbackground: #111;\n\t\tcolor: #FFF;\n\t\tpadding: 4px 20px;\n\t\tborder-radius: 20px;\n\t}\n\t.form-search-downloads {\n\t\tposition: relative;\n    \tmargin: 0 0 50px;\n\t}\n\t.form-search-downloads #input-search-download {\n\t\twidth: 100%;\n\t\tdisplay: inline-block;\n\t\tpadding: 15px 50px 15px 15px;\n\t\tfont-size: 16px;\n\t\tbox-shadow: none;\n\t\toutline: none;\n\t}\n\t.form-search-downloads .submit-search-icon {\n\t\tdisplay: flex;\n\t\twidth: 40px;\n\t\theight: 40px;\n\t\ttext-align: center;\n\t\talign-items: center;\n\t\tjustify-content: center;\n\t\tposition: absolute;\n\t\ttop: 50%;\n\t\tright: 10px;\n\t\ttransform: translateY(-50%);\n\t\t-webkit-transform: translateY(-50%);\n\t\tz-index: 999;\n\t}\n\t.form-search-downloads .submit-search-icon:hover {\n\t\tcursor: pointer;\n\t}\n\t.form-search-downloads .remove-search {\n\t\tposition: absolute;\n\t\tdisplay: block;\n\t\ttext-decoration: underline;\n\t\tfont-size: 16px;\n\t\tfont-weight: 700;\n\t}\n\t.form-search-downloads label {\n\t\tfont-family: 'BrandonBold', Helvetica, Arial, Lucida, sans-serif;\n\t\tfont-size: 26px;\n\t\tfont-weight: 500;\n    \ttext-transform: uppercase;\n    \tline-height: 30px;\n\t\tcolor: #333;\n\t}\n\t.form-search-downloads .help-text {\n\t\tfont-size: 16px;\n\t}\n\t.form-search-downloads .wrapper-input {\n\t\tposition: relative;\n\t}\n\t@media only screen and (max-width: 768px) {\n\t\t.table-downloads-repository {\n\t\t\twidth: 100% !important;\n    \t\toverflow-x: scroll;\n    \t\tdisplay: block;\n\t\t}\n\t\t.table-downloads-repository thead tr th {\n\t\t\tdisplay: none !important;\n\t\t}\n\t\t.table-downloads-repository tbody tr {\n\t\t\tborder-bottom: solid 1px #999999;\n\t\t}\n\t\t.table-downloads-repository tbody tr td {\n\t\t\tdisplay: block !important;\n\t\t\tpadding: 0 20px;\n\t\t\tborder: none !important;\n\t\t\ttext-align: left !important;\n\t\t}\n\t\t.table-downloads-repository tbody tr td:last-child {\n\t\t\tpadding-bottom: 10px;\n\t\t}\n\t\t.table-downloads-repository tbody tr td:first-child {\n\t\t\tpadding-top: 10px;\n\t\t}\n\t\t.table-downloads-repository tbody tr td:before {\n\t\t\tcontent: attr(data-th) \": \";\n\t\t\tdisplay: inline;\n\t\t\tfont-weight: 700;\n\t\t\tcolor: #424242;\n\t\t}\n\t}<\/style><script type=\"text\/javascript\">\n\t(function(){\n\t\tjQuery('.submit-search-icon').click(function(e){\n\t\t\te.preventDefault();\n\t\t\t\n\t\t\tvar searchInput     = jQuery( '#input-search-download' );\n\t\t\tvar searchDownloads = searchInput.val();\n\t\t\t\n\t\t\tif( searchDownloads.length ) {\n\t\t\t\tvar formSearchDownloads = searchInput.parents('.form-search-downloads');\n\t\t\t\tvar redirect_to  \t\t= formSearchDownloads.attr('data-action');\n\t\t\t\t\tredirect_to \t   += '?r='+searchDownloads;\n\t\t\t\t\t\n\t\t\t\tif( redirect_to.length ) window.location.href = redirect_to;\n\t\t\t} else {\n\t\t\t\tsearchInput.focus();\n\t\t\t}\n\t\t});\n\t}(jQuery));\n\t<\/script>[\/et_pb_code][\/et_pb_column][\/et_pb_row][\/et_pb_section]<\/p>\n","protected":false},"excerpt":{"rendered":"<form class=\"form-search-downloads\" method=\"get\" data-action=\"https:\/\/www.zennio.com\/es\/conversor-csn-isn\/\"><label>Buscar por CSN o ISN<\/label><p class=\"help-text\">Puedes buscar una o varias referencias separadas por comas.<\/p><div class=\"wrapper-input\"><input type=\"text\" id=\"input-search-download\" name=\"r\" value=\"\" placeholder=\"Introduce una o varias referencias CSN o ISN\" \/><span class=\"submit-search-icon\"><svg focusable=\"false\" aria-label=\"Search\" xmlns=\"http:\/\/www.w3.org\/2000\/svg\" viewBox=\"0 0 24 24\" width=\"24px\"><path d=\"M15.5 14h-.79l-.28-.27C15.41 12.59 16 11.11 16 9.5 16 5.91 13.09 3 9.5 3S3 5.91 3 9.5 5.91 16 9.5 16c1.61 0 3.09-.59 4.23-1.57l.27.28v.79l5 4.99L20.49 19l-4.99-5zm-6 0C7.01 14 5 11.99 5 9.5S7.01 5 9.5 5 14 7.01 14 9.5 11.99 14 9.5 14z\"><\/path><\/svg><\/span><\/div><\/form><style type=\"text\/css\">\n\t.table-downloads-repository {\n\t\tborder-collapse: collapse;\n\t\tborder: none !important;\n\t}\n\t.table-downloads-repository thead tr th {\n\t\tposition: -webkit-sticky;\n\t\tposition: sticky;\n\t\ttop: 0;\n\t\tbackground: #EAEAEA;\n\t\tfont-family: 'BrandonBold', Helvetica, sans-serif;\n\t\tfont-weight: 700 !important;\n\t\ttext-align: left;\n\t\tz-index: 2;\n\t}\n\t.table-downloads-repository tbody tr td {\n\t\tborder: solid 1px #CCC !important;\n\t\ttext-align: left;\n\t}\n\t.table-downloads-repository .download-link {\n\t\tfont-size: 14px;\n\t\tfont-weight: 600;\n\t\tletter-spacing: 1px;\n\t\ttext-transform: uppercase;\n\t\tbackground: #111;\n\t\tcolor: #FFF;\n\t\tpadding: 4px 20px;\n\t\tborder-radius: 20px;\n\t}\n\t.form-search-downloads {\n\t\tposition: relative;\n    \tmargin: 0 0 50px;\n\t}\n\t.form-search-downloads #input-search-download {\n\t\twidth: 100%;\n\t\tdisplay: inline-block;\n\t\tpadding: 15px 50px 15px 15px;\n\t\tfont-size: 16px;\n\t\tbox-shadow: none;\n\t\toutline: none;\n\t}\n\t.form-search-downloads .submit-search-icon {\n\t\tdisplay: flex;\n\t\twidth: 40px;\n\t\theight: 40px;\n\t\ttext-align: center;\n\t\talign-items: center;\n\t\tjustify-content: center;\n\t\tposition: absolute;\n\t\ttop: 50%;\n\t\tright: 10px;\n\t\ttransform: translateY(-50%);\n\t\t-webkit-transform: translateY(-50%);\n\t\tz-index: 999;\n\t}\n\t.form-search-downloads .submit-search-icon:hover {\n\t\tcursor: pointer;\n\t}\n\t.form-search-downloads .remove-search {\n\t\tposition: absolute;\n\t\tdisplay: block;\n\t\ttext-decoration: underline;\n\t\tfont-size: 16px;\n\t\tfont-weight: 700;\n\t}\n\t.form-search-downloads label {\n\t\tfont-family: 'BrandonBold', Helvetica, Arial, Lucida, sans-serif;\n\t\tfont-size: 26px;\n\t\tfont-weight: 500;\n    \ttext-transform: uppercase;\n    \tline-height: 30px;\n\t\tcolor: #333;\n\t}\n\t.form-search-downloads .help-text {\n\t\tfont-size: 16px;\n\t}\n\t.form-search-downloads .wrapper-input {\n\t\tposition: relative;\n\t}\n\t@media only screen and (max-width: 768px) {\n\t\t.table-downloads-repository {\n\t\t\twidth: 100% !important;\n    \t\toverflow-x: scroll;\n    \t\tdisplay: block;\n\t\t}\n\t\t.table-downloads-repository thead tr th {\n\t\t\tdisplay: none !important;\n\t\t}\n\t\t.table-downloads-repository tbody tr {\n\t\t\tborder-bottom: solid 1px #999999;\n\t\t}\n\t\t.table-downloads-repository tbody tr td {\n\t\t\tdisplay: block !important;\n\t\t\tpadding: 0 20px;\n\t\t\tborder: none !important;\n\t\t\ttext-align: left !important;\n\t\t}\n\t\t.table-downloads-repository tbody tr td:last-child {\n\t\t\tpadding-bottom: 10px;\n\t\t}\n\t\t.table-downloads-repository tbody tr td:first-child {\n\t\t\tpadding-top: 10px;\n\t\t}\n\t\t.table-downloads-repository tbody tr td:before {\n\t\t\tcontent: attr(data-th) \": \";\n\t\t\tdisplay: inline;\n\t\t\tfont-weight: 700;\n\t\t\tcolor: #424242;\n\t\t}\n\t}<\/style><script type=\"text\/javascript\">\n\t(function(){\n\t\tjQuery('.submit-search-icon').click(function(e){\n\t\t\te.preventDefault();\n\t\t\t\n\t\t\tvar searchInput     = jQuery( '#input-search-download' );\n\t\t\tvar searchDownloads = searchInput.val();\n\t\t\t\n\t\t\tif( searchDownloads.length ) {\n\t\t\t\tvar formSearchDownloads = searchInput.parents('.form-search-downloads');\n\t\t\t\tvar redirect_to  \t\t= formSearchDownloads.attr('data-action');\n\t\t\t\t\tredirect_to \t   += '?r='+searchDownloads;\n\t\t\t\t\t\n\t\t\t\tif( redirect_to.length ) window.location.href = redirect_to;\n\t\t\t} else {\n\t\t\t\tsearchInput.focus();\n\t\t\t}\n\t\t});\n\t}(jQuery));\n\t<\/script>\n","protected":false},"author":15,"featured_media":0,"parent":0,"menu_order":0,"comment_status":"closed","ping_status":"closed","template":"","meta":{"_acf_changed":false,"_et_pb_use_builder":"on","_et_pb_old_content":"<!-- wp:shortcode -->\n[conversion-serial-number]\n<!-- \/wp:shortcode -->","_et_gb_content_width":"","footnotes":""},"class_list":["post-66372","page","type-page","status-publish","hentry"],"acf":[],"yoast_head":"<!-- This site is optimized with the Yoast SEO plugin v27.0 - https:\/\/yoast.com\/product\/yoast-seo-wordpress\/ -->\n<title>Conversor CSN-ISN | Zennio<\/title>\n<meta name=\"description\" content=\"\u00bfNecesitas saber el CSN o el ISN de tu dispositivo? Evita desplazamientos innecesarios. Mediante esta herramienta, podr\u00e1s verificar f\u00e1cilmente la relaci\u00f3n entre ambos n\u00fameros de serie de un mismo dispositivo\" \/>\n<meta name=\"robots\" content=\"noindex, nofollow\" \/>\n<meta property=\"og:locale\" content=\"es_ES\" \/>\n<meta property=\"og:type\" content=\"article\" \/>\n<meta property=\"og:title\" content=\"Conversor CSN-ISN | Zennio\" \/>\n<meta property=\"og:description\" content=\"\u00bfNecesitas saber el CSN o el ISN de tu dispositivo? Evita desplazamientos innecesarios. Mediante esta herramienta, podr\u00e1s verificar f\u00e1cilmente la relaci\u00f3n entre ambos n\u00fameros de serie de un mismo dispositivo\" \/>\n<meta property=\"og:url\" content=\"https:\/\/www.zennio.com\/es\/conversor-csn-isn\/\" \/>\n<meta property=\"og:site_name\" content=\"Zennio\" \/>\n<meta property=\"article:modified_time\" content=\"2025-02-20T09:02:07+00:00\" \/>\n<meta name=\"twitter:card\" content=\"summary_large_image\" \/>\n<meta name=\"twitter:label1\" content=\"Est. reading time\" \/>\n\t<meta name=\"twitter:data1\" content=\"1 minute\" \/>\n<script type=\"application\/ld+json\" class=\"yoast-schema-graph\">{\"@context\":\"https:\/\/schema.org\",\"@graph\":[{\"@type\":\"WebPage\",\"@id\":\"https:\/\/www.zennio.com\/es\/conversor-csn-isn\/\",\"url\":\"https:\/\/www.zennio.com\/es\/conversor-csn-isn\/\",\"name\":\"Conversor CSN-ISN | Zennio\",\"isPartOf\":{\"@id\":\"https:\/\/www.zennio.com\/es\/#website\"},\"datePublished\":\"2024-12-09T14:32:12+00:00\",\"dateModified\":\"2025-02-20T09:02:07+00:00\",\"description\":\"\u00bfNecesitas saber el CSN o el ISN de tu dispositivo? Evita desplazamientos innecesarios. Mediante esta herramienta, podr\u00e1s verificar f\u00e1cilmente la relaci\u00f3n entre ambos n\u00fameros de serie de un mismo dispositivo\",\"breadcrumb\":{\"@id\":\"https:\/\/www.zennio.com\/es\/conversor-csn-isn\/#breadcrumb\"},\"inLanguage\":\"es\",\"potentialAction\":[{\"@type\":\"ReadAction\",\"target\":[\"https:\/\/www.zennio.com\/es\/conversor-csn-isn\/\"]}]},{\"@type\":\"BreadcrumbList\",\"@id\":\"https:\/\/www.zennio.com\/es\/conversor-csn-isn\/#breadcrumb\",\"itemListElement\":[{\"@type\":\"ListItem\",\"position\":1,\"name\":\"Portada\",\"item\":\"https:\/\/www.zennio.com\/es\/home\/\"},{\"@type\":\"ListItem\",\"position\":2,\"name\":\"Conversor CSN-ISN\"}]},{\"@type\":\"WebSite\",\"@id\":\"https:\/\/www.zennio.com\/es\/#website\",\"url\":\"https:\/\/www.zennio.com\/es\/\",\"name\":\"Zennio\",\"description\":\"Zennio Global\",\"potentialAction\":[{\"@type\":\"SearchAction\",\"target\":{\"@type\":\"EntryPoint\",\"urlTemplate\":\"https:\/\/www.zennio.com\/es\/?s={search_term_string}\"},\"query-input\":{\"@type\":\"PropertyValueSpecification\",\"valueRequired\":true,\"valueName\":\"search_term_string\"}}],\"inLanguage\":\"es\"}]}<\/script>\n<!-- \/ Yoast SEO plugin. -->","yoast_head_json":{"title":"Conversor CSN-ISN | Zennio","description":"\u00bfNecesitas saber el CSN o el ISN de tu dispositivo? Evita desplazamientos innecesarios. Mediante esta herramienta, podr\u00e1s verificar f\u00e1cilmente la relaci\u00f3n entre ambos n\u00fameros de serie de un mismo dispositivo","robots":{"index":"noindex","follow":"nofollow"},"og_locale":"es_ES","og_type":"article","og_title":"Conversor CSN-ISN | Zennio","og_description":"\u00bfNecesitas saber el CSN o el ISN de tu dispositivo? Evita desplazamientos innecesarios. Mediante esta herramienta, podr\u00e1s verificar f\u00e1cilmente la relaci\u00f3n entre ambos n\u00fameros de serie de un mismo dispositivo","og_url":"https:\/\/www.zennio.com\/es\/conversor-csn-isn\/","og_site_name":"Zennio","article_modified_time":"2025-02-20T09:02:07+00:00","twitter_card":"summary_large_image","twitter_misc":{"Est. reading time":"1 minute"},"schema":{"@context":"https:\/\/schema.org","@graph":[{"@type":"WebPage","@id":"https:\/\/www.zennio.com\/es\/conversor-csn-isn\/","url":"https:\/\/www.zennio.com\/es\/conversor-csn-isn\/","name":"Conversor CSN-ISN | Zennio","isPartOf":{"@id":"https:\/\/www.zennio.com\/es\/#website"},"datePublished":"2024-12-09T14:32:12+00:00","dateModified":"2025-02-20T09:02:07+00:00","description":"\u00bfNecesitas saber el CSN o el ISN de tu dispositivo? Evita desplazamientos innecesarios. Mediante esta herramienta, podr\u00e1s verificar f\u00e1cilmente la relaci\u00f3n entre ambos n\u00fameros de serie de un mismo dispositivo","breadcrumb":{"@id":"https:\/\/www.zennio.com\/es\/conversor-csn-isn\/#breadcrumb"},"inLanguage":"es","potentialAction":[{"@type":"ReadAction","target":["https:\/\/www.zennio.com\/es\/conversor-csn-isn\/"]}]},{"@type":"BreadcrumbList","@id":"https:\/\/www.zennio.com\/es\/conversor-csn-isn\/#breadcrumb","itemListElement":[{"@type":"ListItem","position":1,"name":"Portada","item":"https:\/\/www.zennio.com\/es\/home\/"},{"@type":"ListItem","position":2,"name":"Conversor CSN-ISN"}]},{"@type":"WebSite","@id":"https:\/\/www.zennio.com\/es\/#website","url":"https:\/\/www.zennio.com\/es\/","name":"Zennio","description":"Zennio Global","potentialAction":[{"@type":"SearchAction","target":{"@type":"EntryPoint","urlTemplate":"https:\/\/www.zennio.com\/es\/?s={search_term_string}"},"query-input":{"@type":"PropertyValueSpecification","valueRequired":true,"valueName":"search_term_string"}}],"inLanguage":"es"}]}},"_links":{"self":[{"href":"https:\/\/www.zennio.com\/es\/wp-json\/wp\/v2\/pages\/66372","targetHints":{"allow":["GET"]}}],"collection":[{"href":"https:\/\/www.zennio.com\/es\/wp-json\/wp\/v2\/pages"}],"about":[{"href":"https:\/\/www.zennio.com\/es\/wp-json\/wp\/v2\/types\/page"}],"author":[{"embeddable":true,"href":"https:\/\/www.zennio.com\/es\/wp-json\/wp\/v2\/users\/15"}],"replies":[{"embeddable":true,"href":"https:\/\/www.zennio.com\/es\/wp-json\/wp\/v2\/comments?post=66372"}],"version-history":[{"count":5,"href":"https:\/\/www.zennio.com\/es\/wp-json\/wp\/v2\/pages\/66372\/revisions"}],"predecessor-version":[{"id":66379,"href":"https:\/\/www.zennio.com\/es\/wp-json\/wp\/v2\/pages\/66372\/revisions\/66379"}],"wp:attachment":[{"href":"https:\/\/www.zennio.com\/es\/wp-json\/wp\/v2\/media?parent=66372"}],"curies":[{"name":"wp","href":"https:\/\/api.w.org\/{rel}","templated":true}]}}