{"id":50213,"date":"2023-11-03T10:11:33","date_gmt":"2023-11-03T09:11:33","guid":{"rendered":"https:\/\/www.zennio.com\/?page_id=50213"},"modified":"2023-11-03T10:11:46","modified_gmt":"2023-11-03T09:11:46","slug":"ayuda-formalizacion-contrato-formacion","status":"publish","type":"page","link":"https:\/\/www.zennio.com\/es\/ayuda-formalizacion-contrato-formacion\/","title":{"rendered":"Ayuda para la formalizaci\u00f3n de contrato de formaci\u00f3n"},"content":{"rendered":"<p>[et_pb_section fb_built=&#8221;1&#8243; _builder_version=&#8221;4.16&#8243; global_colors_info=&#8221;{}&#8221;][et_pb_row _builder_version=&#8221;4.16&#8243; background_size=&#8221;initial&#8221; background_position=&#8221;top_left&#8221; background_repeat=&#8221;repeat&#8221; global_colors_info=&#8221;{}&#8221;][et_pb_column type=&#8221;4_4&#8243; _builder_version=&#8221;4.16&#8243; custom_padding=&#8221;|||&#8221; global_colors_info=&#8221;{}&#8221; custom_padding__hover=&#8221;|||&#8221;][et_pb_text _builder_version=&#8221;4.20.4&#8243; background_size=&#8221;initial&#8221; background_position=&#8221;top_left&#8221; background_repeat=&#8221;repeat&#8221; hover_enabled=&#8221;0&#8243; global_colors_info=&#8221;{}&#8221; sticky_enabled=&#8221;0&#8243;]<\/p>\n<h2><!-- divi:paragraph -->Ayuda para la formalizaci\u00f3n de contrato de formaci\u00f3n para la obtenci\u00f3n de la pr\u00e1ctica profesional.<\/h2>\n<p>&nbsp;<\/p>\n<p>Con el respaldo financiero de la Uni\u00f3n Europea a trav\u00e9s del Fondo Social Europeo (FSE) y la Junta de Comunidades de Castilla-La Mancha (JCCM), hemos recibido apoyo para formalizar un contrato de formaci\u00f3n destinado a la obtenci\u00f3n de experiencia profesional. <span>Esta ayuda facilita el desarrollo de habilidades y la adquisici\u00f3n de experiencia laboral.<\/span><\/p>\n<p>&nbsp;<\/p>\n<p><!-- \/divi:paragraph --><!-- divi:paragraph --><\/p>\n<p><span><img loading=\"lazy\" decoding=\"async\" src=\"https:\/\/www.zennio.com\/wp-content\/uploads\/2023\/11\/es_co_fundedvertical_rgb_pos.png\" width=\"220\" height=\"223\" alt=\"\" class=\"wp-image-50220 alignnone size-full\" \/> <img loading=\"lazy\" decoding=\"async\" src=\"https:\/\/www.zennio.com\/wp-content\/uploads\/2023\/11\/logo_corporativo_jccm_negativo_azul_5.png\" width=\"264\" height=\"170\" alt=\"\" class=\"wp-image-50216 alignnone size-full\" style=\"float: right;\" srcset=\"https:\/\/www.zennio.com\/wp-content\/uploads\/2023\/11\/logo_corporativo_jccm_negativo_azul_5-1280x823.png 1280w, https:\/\/www.zennio.com\/wp-content\/uploads\/2023\/11\/logo_corporativo_jccm_negativo_azul_5-980x630.png 980w, https:\/\/www.zennio.com\/wp-content\/uploads\/2023\/11\/logo_corporativo_jccm_negativo_azul_5-480x309.png 480w\" sizes=\"(min-width: 0px) and (max-width: 480px) 480px, (min-width: 481px) and (max-width: 980px) 980px, (min-width: 981px) and (max-width: 1280px) 1280px, 100vw\" \/><\/span><\/p>\n<p>&nbsp;<\/p>\n<p>[\/et_pb_text][\/et_pb_column][\/et_pb_row][\/et_pb_section]<\/p>\n","protected":false},"excerpt":{"rendered":"<p>Ayuda para la formalizaci\u00f3n de contrato de formaci\u00f3n para la obtenci\u00f3n de la pr\u00e1ctica profesional. &nbsp; Con el respaldo financiero de la Uni\u00f3n Europea a trav\u00e9s del Fondo Social Europeo (FSE) y la Junta de Comunidades de Castilla-La Mancha (JCCM), hemos recibido apoyo para formalizar un contrato de formaci\u00f3n destinado a la obtenci\u00f3n de experiencia [&hellip;]<\/p>\n","protected":false},"author":10,"featured_media":0,"parent":0,"menu_order":0,"comment_status":"closed","ping_status":"closed","template":"","meta":{"_acf_changed":false,"_et_pb_use_builder":"on","_et_pb_old_content":"<!-- wp:paragraph -->\n<p>Ayuda para la formalizaci\u00f3n de contrato de formaci\u00f3n para la obtenci\u00f3n de la pr\u00e1ctica profesional.<\/p>\n<!-- \/wp:paragraph -->\n\n<!-- wp:paragraph -->\n<p>Con el respaldo financiero de la Uni\u00f3n Europea a trav\u00e9s del Fondo Social Europeo (FSE) y la Junta de Comunidades de Castilla-La Mancha (JCCM), hemos recibido apoyo para formalizar un contrato de formaci\u00f3n destinado a la obtenci\u00f3n de experiencia profesional. Este respaldo es esencial para nuestro compromiso de fortalecer las oportunidades de empleo y desarrollo de habilidades en la regi\u00f3n, y lo mantendremos visible durante el per\u00edodo de 36 meses, conforme a las regulaciones correspondientes. Agradecemos a FSE y JCCM por su apoyo continuo en este esfuerzo.<\/p>\n<!-- \/wp:paragraph -->\n\n<!-- wp:paragraph -->\n<p><\/p>\n<!-- \/wp:paragraph -->\n\n<!-- wp:paragraph -->\n<p><\/p>\n<!-- \/wp:paragraph -->","_et_gb_content_width":"","footnotes":""},"class_list":["post-50213","page","type-page","status-publish","hentry"],"acf":[],"yoast_head":"<!-- This site is optimized with the Yoast SEO plugin v27.0 - https:\/\/yoast.com\/product\/yoast-seo-wordpress\/ -->\n<title>Ayuda para la formalizaci\u00f3n de contrato de formaci\u00f3n | Zennio<\/title>\n<meta name=\"robots\" content=\"index, follow, max-snippet:-1, max-image-preview:large, max-video-preview:-1\" \/>\n<link rel=\"canonical\" href=\"https:\/\/www.zennio.com\/es\/ayuda-formalizacion-contrato-formacion\/\" \/>\n<meta property=\"og:locale\" content=\"es_ES\" \/>\n<meta property=\"og:type\" content=\"article\" \/>\n<meta property=\"og:title\" content=\"Ayuda para la formalizaci\u00f3n de contrato de formaci\u00f3n | Zennio\" \/>\n<meta property=\"og:url\" content=\"https:\/\/www.zennio.com\/es\/ayuda-formalizacion-contrato-formacion\/\" \/>\n<meta property=\"og:site_name\" content=\"Zennio\" \/>\n<meta property=\"article:modified_time\" content=\"2023-11-03T09:11:46+00:00\" \/>\n<meta property=\"og:image\" content=\"https:\/\/www.zennio.com\/wp-content\/uploads\/2023\/11\/es_co_fundedvertical_rgb_pos.png\" \/>\n<meta name=\"twitter:card\" content=\"summary_large_image\" \/>\n<meta name=\"twitter:label1\" content=\"Est. reading time\" \/>\n\t<meta name=\"twitter:data1\" content=\"1 minute\" \/>\n<script type=\"application\/ld+json\" class=\"yoast-schema-graph\">{\"@context\":\"https:\/\/schema.org\",\"@graph\":[{\"@type\":\"WebPage\",\"@id\":\"https:\/\/www.zennio.com\/es\/ayuda-formalizacion-contrato-formacion\/\",\"url\":\"https:\/\/www.zennio.com\/es\/ayuda-formalizacion-contrato-formacion\/\",\"name\":\"Ayuda para la formalizaci\u00f3n de contrato de formaci\u00f3n | Zennio\",\"isPartOf\":{\"@id\":\"https:\/\/www.zennio.com\/es\/#website\"},\"primaryImageOfPage\":{\"@id\":\"https:\/\/www.zennio.com\/es\/ayuda-formalizacion-contrato-formacion\/#primaryimage\"},\"image\":{\"@id\":\"https:\/\/www.zennio.com\/es\/ayuda-formalizacion-contrato-formacion\/#primaryimage\"},\"thumbnailUrl\":\"https:\/\/www.zennio.com\/wp-content\/uploads\/2023\/11\/es_co_fundedvertical_rgb_pos.png\",\"datePublished\":\"2023-11-03T09:11:33+00:00\",\"dateModified\":\"2023-11-03T09:11:46+00:00\",\"breadcrumb\":{\"@id\":\"https:\/\/www.zennio.com\/es\/ayuda-formalizacion-contrato-formacion\/#breadcrumb\"},\"inLanguage\":\"es\",\"potentialAction\":[{\"@type\":\"ReadAction\",\"target\":[\"https:\/\/www.zennio.com\/es\/ayuda-formalizacion-contrato-formacion\/\"]}]},{\"@type\":\"ImageObject\",\"inLanguage\":\"es\",\"@id\":\"https:\/\/www.zennio.com\/es\/ayuda-formalizacion-contrato-formacion\/#primaryimage\",\"url\":\"https:\/\/www.zennio.com\/wp-content\/uploads\/2023\/11\/es_co_fundedvertical_rgb_pos.png\",\"contentUrl\":\"https:\/\/www.zennio.com\/wp-content\/uploads\/2023\/11\/es_co_fundedvertical_rgb_pos.png\"},{\"@type\":\"BreadcrumbList\",\"@id\":\"https:\/\/www.zennio.com\/es\/ayuda-formalizacion-contrato-formacion\/#breadcrumb\",\"itemListElement\":[{\"@type\":\"ListItem\",\"position\":1,\"name\":\"Portada\",\"item\":\"https:\/\/www.zennio.com\/es\/home\/\"},{\"@type\":\"ListItem\",\"position\":2,\"name\":\"Ayuda para la formalizaci\u00f3n de contrato de formaci\u00f3n\"}]},{\"@type\":\"WebSite\",\"@id\":\"https:\/\/www.zennio.com\/es\/#website\",\"url\":\"https:\/\/www.zennio.com\/es\/\",\"name\":\"Zennio\",\"description\":\"Zennio Global\",\"potentialAction\":[{\"@type\":\"SearchAction\",\"target\":{\"@type\":\"EntryPoint\",\"urlTemplate\":\"https:\/\/www.zennio.com\/es\/?s={search_term_string}\"},\"query-input\":{\"@type\":\"PropertyValueSpecification\",\"valueRequired\":true,\"valueName\":\"search_term_string\"}}],\"inLanguage\":\"es\"}]}<\/script>\n<!-- \/ Yoast SEO plugin. -->","yoast_head_json":{"title":"Ayuda para la formalizaci\u00f3n de contrato de formaci\u00f3n | Zennio","robots":{"index":"index","follow":"follow","max-snippet":"max-snippet:-1","max-image-preview":"max-image-preview:large","max-video-preview":"max-video-preview:-1"},"canonical":"https:\/\/www.zennio.com\/es\/ayuda-formalizacion-contrato-formacion\/","og_locale":"es_ES","og_type":"article","og_title":"Ayuda para la formalizaci\u00f3n de contrato de formaci\u00f3n | Zennio","og_url":"https:\/\/www.zennio.com\/es\/ayuda-formalizacion-contrato-formacion\/","og_site_name":"Zennio","article_modified_time":"2023-11-03T09:11:46+00:00","og_image":[{"url":"https:\/\/www.zennio.com\/wp-content\/uploads\/2023\/11\/es_co_fundedvertical_rgb_pos.png","type":"","width":"","height":""}],"twitter_card":"summary_large_image","twitter_misc":{"Est. reading time":"1 minute"},"schema":{"@context":"https:\/\/schema.org","@graph":[{"@type":"WebPage","@id":"https:\/\/www.zennio.com\/es\/ayuda-formalizacion-contrato-formacion\/","url":"https:\/\/www.zennio.com\/es\/ayuda-formalizacion-contrato-formacion\/","name":"Ayuda para la formalizaci\u00f3n de contrato de formaci\u00f3n | Zennio","isPartOf":{"@id":"https:\/\/www.zennio.com\/es\/#website"},"primaryImageOfPage":{"@id":"https:\/\/www.zennio.com\/es\/ayuda-formalizacion-contrato-formacion\/#primaryimage"},"image":{"@id":"https:\/\/www.zennio.com\/es\/ayuda-formalizacion-contrato-formacion\/#primaryimage"},"thumbnailUrl":"https:\/\/www.zennio.com\/wp-content\/uploads\/2023\/11\/es_co_fundedvertical_rgb_pos.png","datePublished":"2023-11-03T09:11:33+00:00","dateModified":"2023-11-03T09:11:46+00:00","breadcrumb":{"@id":"https:\/\/www.zennio.com\/es\/ayuda-formalizacion-contrato-formacion\/#breadcrumb"},"inLanguage":"es","potentialAction":[{"@type":"ReadAction","target":["https:\/\/www.zennio.com\/es\/ayuda-formalizacion-contrato-formacion\/"]}]},{"@type":"ImageObject","inLanguage":"es","@id":"https:\/\/www.zennio.com\/es\/ayuda-formalizacion-contrato-formacion\/#primaryimage","url":"https:\/\/www.zennio.com\/wp-content\/uploads\/2023\/11\/es_co_fundedvertical_rgb_pos.png","contentUrl":"https:\/\/www.zennio.com\/wp-content\/uploads\/2023\/11\/es_co_fundedvertical_rgb_pos.png"},{"@type":"BreadcrumbList","@id":"https:\/\/www.zennio.com\/es\/ayuda-formalizacion-contrato-formacion\/#breadcrumb","itemListElement":[{"@type":"ListItem","position":1,"name":"Portada","item":"https:\/\/www.zennio.com\/es\/home\/"},{"@type":"ListItem","position":2,"name":"Ayuda para la formalizaci\u00f3n de contrato de formaci\u00f3n"}]},{"@type":"WebSite","@id":"https:\/\/www.zennio.com\/es\/#website","url":"https:\/\/www.zennio.com\/es\/","name":"Zennio","description":"Zennio Global","potentialAction":[{"@type":"SearchAction","target":{"@type":"EntryPoint","urlTemplate":"https:\/\/www.zennio.com\/es\/?s={search_term_string}"},"query-input":{"@type":"PropertyValueSpecification","valueRequired":true,"valueName":"search_term_string"}}],"inLanguage":"es"}]}},"_links":{"self":[{"href":"https:\/\/www.zennio.com\/es\/wp-json\/wp\/v2\/pages\/50213","targetHints":{"allow":["GET"]}}],"collection":[{"href":"https:\/\/www.zennio.com\/es\/wp-json\/wp\/v2\/pages"}],"about":[{"href":"https:\/\/www.zennio.com\/es\/wp-json\/wp\/v2\/types\/page"}],"author":[{"embeddable":true,"href":"https:\/\/www.zennio.com\/es\/wp-json\/wp\/v2\/users\/10"}],"replies":[{"embeddable":true,"href":"https:\/\/www.zennio.com\/es\/wp-json\/wp\/v2\/comments?post=50213"}],"version-history":[{"count":5,"href":"https:\/\/www.zennio.com\/es\/wp-json\/wp\/v2\/pages\/50213\/revisions"}],"predecessor-version":[{"id":50235,"href":"https:\/\/www.zennio.com\/es\/wp-json\/wp\/v2\/pages\/50213\/revisions\/50235"}],"wp:attachment":[{"href":"https:\/\/www.zennio.com\/es\/wp-json\/wp\/v2\/media?parent=50213"}],"curies":[{"name":"wp","href":"https:\/\/api.w.org\/{rel}","templated":true}]}}