{"id":87939,"date":"2026-05-05T17:37:46","date_gmt":"2026-05-05T15:37:46","guid":{"rendered":"https:\/\/www.zennio.com\/zennio-remote\/"},"modified":"2026-05-05T17:41:30","modified_gmt":"2026-05-05T15:41:30","slug":"zennio-remote","status":"publish","type":"page","link":"https:\/\/www.zennio.com\/de\/zennio-remote\/","title":{"rendered":"Zennio Remote"},"content":{"rendered":"\t\t<div data-elementor-type=\"wp-page\" data-elementor-id=\"87939\" class=\"elementor elementor-87939 elementor-87931\" data-elementor-post-type=\"page\">\n\t\t\t\t<div class=\"elementor-element elementor-element-2b1c8c2 e-flex e-con-boxed e-con e-parent\" data-id=\"2b1c8c2\" data-element_type=\"container\" data-e-type=\"container\" data-settings=\"{&quot;jet_parallax_layout_list&quot;:[]}\">\n\t\t\t\t\t<div class=\"e-con-inner\">\n\t\t\t\t<div class=\"elementor-element elementor-element-1f0cc5f elementor-widget elementor-widget-heading\" data-id=\"1f0cc5f\" data-element_type=\"widget\" data-e-type=\"widget\" data-widget_type=\"heading.default\">\n\t\t\t\t<div class=\"elementor-widget-container\">\n\t\t\t\t\t<h1 class=\"elementor-heading-title elementor-size-default\">Zennio Remote<\/h1>\t\t\t\t<\/div>\n\t\t\t\t<\/div>\n\t\t\t\t<div class=\"elementor-element elementor-element-6bd5939 elementor-widget elementor-widget-text-editor\" data-id=\"6bd5939\" data-element_type=\"widget\" data-e-type=\"widget\" data-widget_type=\"text-editor.default\">\n\t\t\t\t<div class=\"elementor-widget-container\">\n\t\t\t\t\t\t\t\t\t<p>Zennio Remote ist eine App zur Visualisierung und Steuerung \u00fcber mobile Ger\u00e4te (Smartphones und Tablets) und Webbrowser. Sie k\u00f6nnen jederzeit und \u00fcberall schnell, einfach und sicher mit Ihrer Installation interagieren!<\/p>\n<p>Sie ben\u00f6tigen lediglich ein Zennio-Touchpanel (mit Remote Control Lizenz), das mit dem Internet verbunden ist, und die App, die auf Ihrem Smartphone oder Tablet installiert ist, oder Sie geben die URL\u00a0<a title=\"Zennio Remote Web\" href=\"https:\/\/web.zennioremote.com\/landing\" target=\"_blank\" rel=\"noopener external noreferrer\" data-wpel-link=\"external\">https:\/\/web.zennioremote.com\/landing<\/a>\u00a0in Ihren Webbrowser ein.<\/p>\n<p>Um die App auf Ihrem mobilen Ger\u00e4t zu installieren: Greifen Sie auf den App-Store zu, laden Sie die App herunter und installieren Sie sie auf Ihrem Smartphone oder Tablet, nachdem Sie die EULA (auf Englisch) akzeptiert haben.<\/p>\n<p>Diese App kann ohne zeitliche Begrenzung bis zum Ende des Dienstes verwendet werden.<\/p>\n\t\t\t\t\t\t\t\t<\/div>\n\t\t\t\t<\/div>\n\t\t\t\t\t<\/div>\n\t\t\t\t<\/div>\n\t\t\t\t<\/div>\n\t\t","protected":false},"excerpt":{"rendered":"<p>Zennio Remote Zennio Remote ist eine App zur Visualisierung und Steuerung \u00fcber mobile Ger\u00e4te (Smartphones und Tablets) und Webbrowser. Sie k\u00f6nnen jederzeit und \u00fcberall schnell, einfach und sicher mit Ihrer Installation interagieren! Sie ben\u00f6tigen lediglich ein Zennio-Touchpanel (mit Remote Control Lizenz), das mit dem Internet verbunden ist, und die App, die auf Ihrem Smartphone oder [&hellip;]<\/p>\n","protected":false},"author":1,"featured_media":0,"parent":0,"menu_order":0,"comment_status":"closed","ping_status":"closed","template":"elementor_header_footer","meta":{"footnotes":""},"class_list":["post-87939","page","type-page","status-publish","hentry"],"yoast_head":"<!-- This site is optimized with the Yoast SEO plugin v27.6 - https:\/\/yoast.com\/product\/yoast-seo-wordpress\/ -->\n<title>Zennio Remote - Zennio<\/title>\n<meta name=\"description\" content=\"Zennio Remote Zennio Remote ist eine App zur Visualisierung und Steuerung \u00fcber mobile Ger\u00e4te (Smartphones und Tablets) und Webbrowser. Sie k\u00f6nnen\" \/>\n<meta name=\"robots\" content=\"index, follow, max-snippet:-1, max-image-preview:large, max-video-preview:-1\" \/>\n<link rel=\"canonical\" href=\"https:\/\/www.zennio.com\/de\/zennio-remote\/\" \/>\n<meta property=\"og:locale\" content=\"de_DE\" \/>\n<meta property=\"og:type\" content=\"article\" \/>\n<meta property=\"og:title\" content=\"Zennio Remote - Zennio\" \/>\n<meta property=\"og:description\" content=\"Zennio Remote Zennio Remote ist eine App zur Visualisierung und Steuerung \u00fcber mobile Ger\u00e4te (Smartphones und Tablets) und Webbrowser. Sie k\u00f6nnen\" \/>\n<meta property=\"og:url\" content=\"https:\/\/www.zennio.com\/de\/zennio-remote\/\" \/>\n<meta property=\"og:site_name\" content=\"Zennio\" \/>\n<meta property=\"article:publisher\" content=\"https:\/\/www.facebook.com\/ZennioSpain\/?locale=es_ES\" \/>\n<meta property=\"article:modified_time\" content=\"2026-05-05T15:41:30+00:00\" \/>\n<meta property=\"og:image\" content=\"https:\/\/www.zennio.com\/wp-content\/uploads\/2026\/04\/ISOTIPO_en.png\" \/>\n\t<meta property=\"og:image:width\" content=\"906\" \/>\n\t<meta property=\"og:image:height\" content=\"906\" \/>\n\t<meta property=\"og:image:type\" content=\"image\/png\" \/>\n<meta name=\"twitter:card\" content=\"summary_large_image\" \/>\n<script type=\"application\/ld+json\" class=\"yoast-schema-graph\">{\"@context\":\"https:\\\/\\\/schema.org\",\"@graph\":[{\"@type\":\"WebPage\",\"@id\":\"https:\\\/\\\/www.zennio.com\\\/de\\\/zennio-remote\\\/\",\"url\":\"https:\\\/\\\/www.zennio.com\\\/de\\\/zennio-remote\\\/\",\"name\":\"Zennio Remote - Zennio\",\"isPartOf\":{\"@id\":\"https:\\\/\\\/www.zennio.com\\\/de\\\/#website\"},\"datePublished\":\"2026-05-05T15:37:46+00:00\",\"dateModified\":\"2026-05-05T15:41:30+00:00\",\"description\":\"Zennio Remote Zennio Remote ist eine App zur Visualisierung und Steuerung \u00fcber mobile Ger\u00e4te (Smartphones und Tablets) und Webbrowser. Sie k\u00f6nnen\",\"breadcrumb\":{\"@id\":\"https:\\\/\\\/www.zennio.com\\\/de\\\/zennio-remote\\\/#breadcrumb\"},\"inLanguage\":\"de\",\"potentialAction\":[{\"@type\":\"ReadAction\",\"target\":[\"https:\\\/\\\/www.zennio.com\\\/de\\\/zennio-remote\\\/\"]}]},{\"@type\":\"BreadcrumbList\",\"@id\":\"https:\\\/\\\/www.zennio.com\\\/de\\\/zennio-remote\\\/#breadcrumb\",\"itemListElement\":[{\"@type\":\"ListItem\",\"position\":1,\"name\":\"Portada\",\"item\":\"https:\\\/\\\/www.zennio.com\\\/de\\\/\"},{\"@type\":\"ListItem\",\"position\":2,\"name\":\"Zennio Remote\"}]},{\"@type\":\"WebSite\",\"@id\":\"https:\\\/\\\/www.zennio.com\\\/de\\\/#website\",\"url\":\"https:\\\/\\\/www.zennio.com\\\/de\\\/\",\"name\":\"Zennio\",\"description\":\"Soluciones de tecnolog\u00eda para hoteles, viviendas y edificios.\",\"publisher\":{\"@id\":\"https:\\\/\\\/www.zennio.com\\\/de\\\/#organization\"},\"alternateName\":\"Zennio Global\",\"potentialAction\":[{\"@type\":\"SearchAction\",\"target\":{\"@type\":\"EntryPoint\",\"urlTemplate\":\"https:\\\/\\\/www.zennio.com\\\/de\\\/?s={search_term_string}\"},\"query-input\":{\"@type\":\"PropertyValueSpecification\",\"valueRequired\":true,\"valueName\":\"search_term_string\"}}],\"inLanguage\":\"de\"},{\"@type\":\"Organization\",\"@id\":\"https:\\\/\\\/www.zennio.com\\\/de\\\/#organization\",\"name\":\"Zennio\",\"alternateName\":\"Zennio\",\"url\":\"https:\\\/\\\/www.zennio.com\\\/de\\\/\",\"logo\":{\"@type\":\"ImageObject\",\"inLanguage\":\"de\",\"@id\":\"https:\\\/\\\/www.zennio.com\\\/de\\\/#\\\/schema\\\/logo\\\/image\\\/\",\"url\":\"https:\\\/\\\/www.zennio.com\\\/wp-content\\\/uploads\\\/2026\\\/04\\\/ISOTIPO_en.png\",\"contentUrl\":\"https:\\\/\\\/www.zennio.com\\\/wp-content\\\/uploads\\\/2026\\\/04\\\/ISOTIPO_en.png\",\"width\":906,\"height\":906,\"caption\":\"Zennio\"},\"image\":{\"@id\":\"https:\\\/\\\/www.zennio.com\\\/de\\\/#\\\/schema\\\/logo\\\/image\\\/\"},\"sameAs\":[\"https:\\\/\\\/www.facebook.com\\\/ZennioSpain\\\/?locale=es_ES\"]}]}<\/script>\n<!-- \/ Yoast SEO plugin. -->","yoast_head_json":{"title":"Zennio Remote - Zennio","description":"Zennio Remote Zennio Remote ist eine App zur Visualisierung und Steuerung \u00fcber mobile Ger\u00e4te (Smartphones und Tablets) und Webbrowser. Sie k\u00f6nnen","robots":{"index":"index","follow":"follow","max-snippet":"max-snippet:-1","max-image-preview":"max-image-preview:large","max-video-preview":"max-video-preview:-1"},"canonical":"https:\/\/www.zennio.com\/de\/zennio-remote\/","og_locale":"de_DE","og_type":"article","og_title":"Zennio Remote - Zennio","og_description":"Zennio Remote Zennio Remote ist eine App zur Visualisierung und Steuerung \u00fcber mobile Ger\u00e4te (Smartphones und Tablets) und Webbrowser. Sie k\u00f6nnen","og_url":"https:\/\/www.zennio.com\/de\/zennio-remote\/","og_site_name":"Zennio","article_publisher":"https:\/\/www.facebook.com\/ZennioSpain\/?locale=es_ES","article_modified_time":"2026-05-05T15:41:30+00:00","og_image":[{"width":906,"height":906,"url":"https:\/\/www.zennio.com\/wp-content\/uploads\/2026\/04\/ISOTIPO_en.png","type":"image\/png"}],"twitter_card":"summary_large_image","schema":{"@context":"https:\/\/schema.org","@graph":[{"@type":"WebPage","@id":"https:\/\/www.zennio.com\/de\/zennio-remote\/","url":"https:\/\/www.zennio.com\/de\/zennio-remote\/","name":"Zennio Remote - Zennio","isPartOf":{"@id":"https:\/\/www.zennio.com\/de\/#website"},"datePublished":"2026-05-05T15:37:46+00:00","dateModified":"2026-05-05T15:41:30+00:00","description":"Zennio Remote Zennio Remote ist eine App zur Visualisierung und Steuerung \u00fcber mobile Ger\u00e4te (Smartphones und Tablets) und Webbrowser. Sie k\u00f6nnen","breadcrumb":{"@id":"https:\/\/www.zennio.com\/de\/zennio-remote\/#breadcrumb"},"inLanguage":"de","potentialAction":[{"@type":"ReadAction","target":["https:\/\/www.zennio.com\/de\/zennio-remote\/"]}]},{"@type":"BreadcrumbList","@id":"https:\/\/www.zennio.com\/de\/zennio-remote\/#breadcrumb","itemListElement":[{"@type":"ListItem","position":1,"name":"Portada","item":"https:\/\/www.zennio.com\/de\/"},{"@type":"ListItem","position":2,"name":"Zennio Remote"}]},{"@type":"WebSite","@id":"https:\/\/www.zennio.com\/de\/#website","url":"https:\/\/www.zennio.com\/de\/","name":"Zennio","description":"Soluciones de tecnolog\u00eda para hoteles, viviendas y edificios.","publisher":{"@id":"https:\/\/www.zennio.com\/de\/#organization"},"alternateName":"Zennio Global","potentialAction":[{"@type":"SearchAction","target":{"@type":"EntryPoint","urlTemplate":"https:\/\/www.zennio.com\/de\/?s={search_term_string}"},"query-input":{"@type":"PropertyValueSpecification","valueRequired":true,"valueName":"search_term_string"}}],"inLanguage":"de"},{"@type":"Organization","@id":"https:\/\/www.zennio.com\/de\/#organization","name":"Zennio","alternateName":"Zennio","url":"https:\/\/www.zennio.com\/de\/","logo":{"@type":"ImageObject","inLanguage":"de","@id":"https:\/\/www.zennio.com\/de\/#\/schema\/logo\/image\/","url":"https:\/\/www.zennio.com\/wp-content\/uploads\/2026\/04\/ISOTIPO_en.png","contentUrl":"https:\/\/www.zennio.com\/wp-content\/uploads\/2026\/04\/ISOTIPO_en.png","width":906,"height":906,"caption":"Zennio"},"image":{"@id":"https:\/\/www.zennio.com\/de\/#\/schema\/logo\/image\/"},"sameAs":["https:\/\/www.facebook.com\/ZennioSpain\/?locale=es_ES"]}]}},"_links":{"self":[{"href":"https:\/\/www.zennio.com\/de\/wp-json\/wp\/v2\/pages\/87939","targetHints":{"allow":["GET"]}}],"collection":[{"href":"https:\/\/www.zennio.com\/de\/wp-json\/wp\/v2\/pages"}],"about":[{"href":"https:\/\/www.zennio.com\/de\/wp-json\/wp\/v2\/types\/page"}],"author":[{"embeddable":true,"href":"https:\/\/www.zennio.com\/de\/wp-json\/wp\/v2\/users\/1"}],"replies":[{"embeddable":true,"href":"https:\/\/www.zennio.com\/de\/wp-json\/wp\/v2\/comments?post=87939"}],"version-history":[{"count":1,"href":"https:\/\/www.zennio.com\/de\/wp-json\/wp\/v2\/pages\/87939\/revisions"}],"predecessor-version":[{"id":87940,"href":"https:\/\/www.zennio.com\/de\/wp-json\/wp\/v2\/pages\/87939\/revisions\/87940"}],"wp:attachment":[{"href":"https:\/\/www.zennio.com\/de\/wp-json\/wp\/v2\/media?parent=87939"}],"curies":[{"name":"wp","href":"https:\/\/api.w.org\/{rel}","templated":true}]}}