{"id":84165,"date":"2025-01-26T10:00:01","date_gmt":"2025-01-26T09:00:01","guid":{"rendered":"https:\/\/www.zennio.com\/es\/loesungen\/"},"modified":"2026-04-09T18:39:31","modified_gmt":"2026-04-09T16:39:31","slug":"loesungen","status":"publish","type":"page","link":"https:\/\/www.zennio.com\/de\/loesungen\/","title":{"rendered":"L\u00f6sungen"},"content":{"rendered":"\t\t<div data-elementor-type=\"wp-page\" data-elementor-id=\"84165\" class=\"elementor elementor-84165 elementor-18\" data-elementor-post-type=\"page\">\n\t\t\t\t<div class=\"elementor-element elementor-element-f59eb38 e-flex e-con-boxed e-con e-parent\" data-id=\"f59eb38\" data-element_type=\"container\" data-e-type=\"container\" id=\"soluciones_domoticas\" data-settings=\"{&quot;jet_parallax_layout_list&quot;:[]}\">\n\t\t\t\t\t<div class=\"e-con-inner\">\n\t\t<div class=\"elementor-element elementor-element-0cf9835 e-con-full e-flex e-con e-child\" data-id=\"0cf9835\" data-element_type=\"container\" data-e-type=\"container\" data-settings=\"{&quot;jet_parallax_layout_list&quot;:[]}\">\n\t\t\t\t<div class=\"elementor-element elementor-element-709b265 elementor-widget elementor-widget-heading\" data-id=\"709b265\" data-element_type=\"widget\" data-e-type=\"widget\" data-widget_type=\"heading.default\">\n\t\t\t\t<div class=\"elementor-widget-container\">\n\t\t\t\t\t<h2 class=\"elementor-heading-title elementor-size-default\">L\u00f6sungen f\u00fcr jeden Raum<\/h2>\t\t\t\t<\/div>\n\t\t\t\t<\/div>\n\t\t<div class=\"elementor-element elementor-element-cdfd4b6 e-con-full e-flex e-con e-child\" data-id=\"cdfd4b6\" data-element_type=\"container\" data-e-type=\"container\" data-settings=\"{&quot;jet_parallax_layout_list&quot;:[]}\">\n\t\t<a class=\"elementor-element elementor-element-85069cc e-con-full cards-hover e-flex e-con e-child\" data-id=\"85069cc\" data-element_type=\"container\" data-e-type=\"container\" data-settings=\"{&quot;background_background&quot;:&quot;classic&quot;,&quot;jet_parallax_layout_list&quot;:[]}\" href=\"https:\/\/www.zennio.com\/de\/losungen\/hotels\/\">\n\t\t\t\t<div class=\"elementor-element elementor-element-e9abeb4 elementor-widget elementor-widget-heading\" data-id=\"e9abeb4\" data-element_type=\"widget\" data-e-type=\"widget\" data-widget_type=\"heading.default\">\n\t\t\t\t<div class=\"elementor-widget-container\">\n\t\t\t\t\t<h3 class=\"elementor-heading-title elementor-size-default\">Hotels<\/h3>\t\t\t\t<\/div>\n\t\t\t\t<\/div>\n\t\t\t\t<\/a>\n\t\t<a class=\"elementor-element elementor-element-9a3161e e-con-full cards-hover e-flex e-con e-child\" data-id=\"9a3161e\" data-element_type=\"container\" data-e-type=\"container\" data-settings=\"{&quot;background_background&quot;:&quot;classic&quot;,&quot;jet_parallax_layout_list&quot;:[]}\" href=\"https:\/\/www.zennio.com\/de\/losungen\/wohngebaude\/\">\n\t\t\t\t<div class=\"elementor-element elementor-element-188736d elementor-widget elementor-widget-heading\" data-id=\"188736d\" data-element_type=\"widget\" data-e-type=\"widget\" data-widget_type=\"heading.default\">\n\t\t\t\t<div class=\"elementor-widget-container\">\n\t\t\t\t\t<h3 class=\"elementor-heading-title elementor-size-default\">Wohngeb\u00e4ude<\/h3>\t\t\t\t<\/div>\n\t\t\t\t<\/div>\n\t\t\t\t<\/a>\n\t\t<a class=\"elementor-element elementor-element-d1920ca e-con-full cards-hover e-flex e-con e-child\" data-id=\"d1920ca\" data-element_type=\"container\" data-e-type=\"container\" data-settings=\"{&quot;background_background&quot;:&quot;classic&quot;,&quot;jet_parallax_layout_list&quot;:[]}\" href=\"https:\/\/www.zennio.com\/de\/losungen\/gewerbegebaude\/\">\n\t\t\t\t<div class=\"elementor-element elementor-element-1a3d73a elementor-widget elementor-widget-heading\" data-id=\"1a3d73a\" data-element_type=\"widget\" data-e-type=\"widget\" data-widget_type=\"heading.default\">\n\t\t\t\t<div class=\"elementor-widget-container\">\n\t\t\t\t\t<h3 class=\"elementor-heading-title elementor-size-default\">Gewerbegeb\u00e4ude<\/h3>\t\t\t\t<\/div>\n\t\t\t\t<\/div>\n\t\t\t\t<\/a>\n\t\t\t\t<\/div>\n\t\t\t\t<\/div>\n\t\t\t\t\t<\/div>\n\t\t\t\t<\/div>\n\t\t\t\t<\/div>\n\t\t","protected":false},"excerpt":{"rendered":"<p>L\u00f6sungen f\u00fcr jeden Raum Hotels Wohngeb\u00e4ude Gewerbegeb\u00e4ude<\/p>\n","protected":false},"author":1,"featured_media":0,"parent":0,"menu_order":0,"comment_status":"closed","ping_status":"closed","template":"elementor_header_footer","meta":{"footnotes":""},"class_list":["post-84165","page","type-page","status-publish","hentry"],"yoast_head":"<!-- This site is optimized with the Yoast SEO plugin v27.6 - https:\/\/yoast.com\/product\/yoast-seo-wordpress\/ -->\n<title>L\u00f6sungen - Zennio<\/title>\n<meta name=\"description\" content=\"L\u00f6sungen f\u00fcr jeden Raum     Hotels     Wohngeb\u00e4ude     Gewerbegeb\u00e4ude\" \/>\n<meta name=\"robots\" content=\"index, follow, max-snippet:-1, max-image-preview:large, max-video-preview:-1\" \/>\n<link rel=\"canonical\" href=\"https:\/\/www.zennio.com\/de\/loesungen\/\" \/>\n<meta property=\"og:locale\" content=\"de_DE\" \/>\n<meta property=\"og:type\" content=\"article\" \/>\n<meta property=\"og:title\" content=\"L\u00f6sungen - Zennio\" \/>\n<meta property=\"og:description\" content=\"L\u00f6sungen f\u00fcr jeden Raum     Hotels     Wohngeb\u00e4ude     Gewerbegeb\u00e4ude\" \/>\n<meta property=\"og:url\" content=\"https:\/\/www.zennio.com\/de\/loesungen\/\" \/>\n<meta property=\"og:site_name\" content=\"Zennio\" \/>\n<meta property=\"article:publisher\" content=\"https:\/\/www.facebook.com\/ZennioSpain\/?locale=es_ES\" \/>\n<meta property=\"article:modified_time\" content=\"2026-04-09T16:39:31+00:00\" \/>\n<meta property=\"og:image\" content=\"https:\/\/www.zennio.com\/wp-content\/uploads\/2026\/04\/ISOTIPO_en.png\" \/>\n\t<meta property=\"og:image:width\" content=\"906\" \/>\n\t<meta property=\"og:image:height\" content=\"906\" \/>\n\t<meta property=\"og:image:type\" content=\"image\/png\" \/>\n<meta name=\"twitter:card\" content=\"summary_large_image\" \/>\n<script type=\"application\/ld+json\" class=\"yoast-schema-graph\">{\"@context\":\"https:\\\/\\\/schema.org\",\"@graph\":[{\"@type\":\"WebPage\",\"@id\":\"https:\\\/\\\/www.zennio.com\\\/de\\\/loesungen\\\/\",\"url\":\"https:\\\/\\\/www.zennio.com\\\/de\\\/loesungen\\\/\",\"name\":\"L\u00f6sungen - Zennio\",\"isPartOf\":{\"@id\":\"https:\\\/\\\/www.zennio.com\\\/de\\\/#website\"},\"datePublished\":\"2025-01-26T09:00:01+00:00\",\"dateModified\":\"2026-04-09T16:39:31+00:00\",\"description\":\"L\u00f6sungen f\u00fcr jeden Raum Hotels Wohngeb\u00e4ude Gewerbegeb\u00e4ude\",\"breadcrumb\":{\"@id\":\"https:\\\/\\\/www.zennio.com\\\/de\\\/loesungen\\\/#breadcrumb\"},\"inLanguage\":\"de\",\"potentialAction\":[{\"@type\":\"ReadAction\",\"target\":[\"https:\\\/\\\/www.zennio.com\\\/de\\\/loesungen\\\/\"]}]},{\"@type\":\"BreadcrumbList\",\"@id\":\"https:\\\/\\\/www.zennio.com\\\/de\\\/loesungen\\\/#breadcrumb\",\"itemListElement\":[{\"@type\":\"ListItem\",\"position\":1,\"name\":\"Portada\",\"item\":\"https:\\\/\\\/www.zennio.com\\\/de\\\/\"},{\"@type\":\"ListItem\",\"position\":2,\"name\":\"L\u00f6sungen\"}]},{\"@type\":\"WebSite\",\"@id\":\"https:\\\/\\\/www.zennio.com\\\/de\\\/#website\",\"url\":\"https:\\\/\\\/www.zennio.com\\\/de\\\/\",\"name\":\"Zennio\",\"description\":\"Soluciones de tecnolog\u00eda para hoteles, viviendas y edificios.\",\"publisher\":{\"@id\":\"https:\\\/\\\/www.zennio.com\\\/de\\\/#organization\"},\"alternateName\":\"Zennio Global\",\"potentialAction\":[{\"@type\":\"SearchAction\",\"target\":{\"@type\":\"EntryPoint\",\"urlTemplate\":\"https:\\\/\\\/www.zennio.com\\\/de\\\/?s={search_term_string}\"},\"query-input\":{\"@type\":\"PropertyValueSpecification\",\"valueRequired\":true,\"valueName\":\"search_term_string\"}}],\"inLanguage\":\"de\"},{\"@type\":\"Organization\",\"@id\":\"https:\\\/\\\/www.zennio.com\\\/de\\\/#organization\",\"name\":\"Zennio\",\"alternateName\":\"Zennio\",\"url\":\"https:\\\/\\\/www.zennio.com\\\/de\\\/\",\"logo\":{\"@type\":\"ImageObject\",\"inLanguage\":\"de\",\"@id\":\"https:\\\/\\\/www.zennio.com\\\/de\\\/#\\\/schema\\\/logo\\\/image\\\/\",\"url\":\"https:\\\/\\\/www.zennio.com\\\/wp-content\\\/uploads\\\/2026\\\/04\\\/ISOTIPO_en.png\",\"contentUrl\":\"https:\\\/\\\/www.zennio.com\\\/wp-content\\\/uploads\\\/2026\\\/04\\\/ISOTIPO_en.png\",\"width\":906,\"height\":906,\"caption\":\"Zennio\"},\"image\":{\"@id\":\"https:\\\/\\\/www.zennio.com\\\/de\\\/#\\\/schema\\\/logo\\\/image\\\/\"},\"sameAs\":[\"https:\\\/\\\/www.facebook.com\\\/ZennioSpain\\\/?locale=es_ES\"]}]}<\/script>\n<!-- \/ Yoast SEO plugin. -->","yoast_head_json":{"title":"L\u00f6sungen - Zennio","description":"L\u00f6sungen f\u00fcr jeden Raum     Hotels     Wohngeb\u00e4ude     Gewerbegeb\u00e4ude","robots":{"index":"index","follow":"follow","max-snippet":"max-snippet:-1","max-image-preview":"max-image-preview:large","max-video-preview":"max-video-preview:-1"},"canonical":"https:\/\/www.zennio.com\/de\/loesungen\/","og_locale":"de_DE","og_type":"article","og_title":"L\u00f6sungen - Zennio","og_description":"L\u00f6sungen f\u00fcr jeden Raum     Hotels     Wohngeb\u00e4ude     Gewerbegeb\u00e4ude","og_url":"https:\/\/www.zennio.com\/de\/loesungen\/","og_site_name":"Zennio","article_publisher":"https:\/\/www.facebook.com\/ZennioSpain\/?locale=es_ES","article_modified_time":"2026-04-09T16:39:31+00:00","og_image":[{"width":906,"height":906,"url":"https:\/\/www.zennio.com\/wp-content\/uploads\/2026\/04\/ISOTIPO_en.png","type":"image\/png"}],"twitter_card":"summary_large_image","schema":{"@context":"https:\/\/schema.org","@graph":[{"@type":"WebPage","@id":"https:\/\/www.zennio.com\/de\/loesungen\/","url":"https:\/\/www.zennio.com\/de\/loesungen\/","name":"L\u00f6sungen - Zennio","isPartOf":{"@id":"https:\/\/www.zennio.com\/de\/#website"},"datePublished":"2025-01-26T09:00:01+00:00","dateModified":"2026-04-09T16:39:31+00:00","description":"L\u00f6sungen f\u00fcr jeden Raum Hotels Wohngeb\u00e4ude Gewerbegeb\u00e4ude","breadcrumb":{"@id":"https:\/\/www.zennio.com\/de\/loesungen\/#breadcrumb"},"inLanguage":"de","potentialAction":[{"@type":"ReadAction","target":["https:\/\/www.zennio.com\/de\/loesungen\/"]}]},{"@type":"BreadcrumbList","@id":"https:\/\/www.zennio.com\/de\/loesungen\/#breadcrumb","itemListElement":[{"@type":"ListItem","position":1,"name":"Portada","item":"https:\/\/www.zennio.com\/de\/"},{"@type":"ListItem","position":2,"name":"L\u00f6sungen"}]},{"@type":"WebSite","@id":"https:\/\/www.zennio.com\/de\/#website","url":"https:\/\/www.zennio.com\/de\/","name":"Zennio","description":"Soluciones de tecnolog\u00eda para hoteles, viviendas y edificios.","publisher":{"@id":"https:\/\/www.zennio.com\/de\/#organization"},"alternateName":"Zennio Global","potentialAction":[{"@type":"SearchAction","target":{"@type":"EntryPoint","urlTemplate":"https:\/\/www.zennio.com\/de\/?s={search_term_string}"},"query-input":{"@type":"PropertyValueSpecification","valueRequired":true,"valueName":"search_term_string"}}],"inLanguage":"de"},{"@type":"Organization","@id":"https:\/\/www.zennio.com\/de\/#organization","name":"Zennio","alternateName":"Zennio","url":"https:\/\/www.zennio.com\/de\/","logo":{"@type":"ImageObject","inLanguage":"de","@id":"https:\/\/www.zennio.com\/de\/#\/schema\/logo\/image\/","url":"https:\/\/www.zennio.com\/wp-content\/uploads\/2026\/04\/ISOTIPO_en.png","contentUrl":"https:\/\/www.zennio.com\/wp-content\/uploads\/2026\/04\/ISOTIPO_en.png","width":906,"height":906,"caption":"Zennio"},"image":{"@id":"https:\/\/www.zennio.com\/de\/#\/schema\/logo\/image\/"},"sameAs":["https:\/\/www.facebook.com\/ZennioSpain\/?locale=es_ES"]}]}},"_links":{"self":[{"href":"https:\/\/www.zennio.com\/de\/wp-json\/wp\/v2\/pages\/84165","targetHints":{"allow":["GET"]}}],"collection":[{"href":"https:\/\/www.zennio.com\/de\/wp-json\/wp\/v2\/pages"}],"about":[{"href":"https:\/\/www.zennio.com\/de\/wp-json\/wp\/v2\/types\/page"}],"author":[{"embeddable":true,"href":"https:\/\/www.zennio.com\/de\/wp-json\/wp\/v2\/users\/1"}],"replies":[{"embeddable":true,"href":"https:\/\/www.zennio.com\/de\/wp-json\/wp\/v2\/comments?post=84165"}],"version-history":[{"count":1,"href":"https:\/\/www.zennio.com\/de\/wp-json\/wp\/v2\/pages\/84165\/revisions"}],"predecessor-version":[{"id":84166,"href":"https:\/\/www.zennio.com\/de\/wp-json\/wp\/v2\/pages\/84165\/revisions\/84166"}],"wp:attachment":[{"href":"https:\/\/www.zennio.com\/de\/wp-json\/wp\/v2\/media?parent=84165"}],"curies":[{"name":"wp","href":"https:\/\/api.w.org\/{rel}","templated":true}]}}