{"id":72588,"date":"2025-06-26T10:04:17","date_gmt":"2025-06-26T08:04:17","guid":{"rendered":"https:\/\/www.zennio.com\/finishes"},"modified":"2026-03-17T12:07:07","modified_gmt":"2026-03-17T11:07:07","slug":"finishes","status":"publish","type":"page","link":"https:\/\/www.zennio.com\/de\/finishes\/","title":{"rendered":"Finishes"},"content":{"rendered":"<p>[et_pb_section fb_built=&#8221;1&#8243; _builder_version=&#8221;4.16&#8243; _module_preset=&#8221;default&#8221; background_color=&#8221;#000000&#8243; custom_padding=&#8221;2rem||2rem||true|false&#8221; locked=&#8221;off&#8221; global_colors_info=&#8221;{}&#8221;][et_pb_row _builder_version=&#8221;4.16&#8243; _module_preset=&#8221;default&#8221; custom_padding=&#8221;0px||||false|false&#8221; global_colors_info=&#8221;{}&#8221;][et_pb_column type=&#8221;4_4&#8243; _builder_version=&#8221;4.16&#8243; _module_preset=&#8221;default&#8221; global_colors_info=&#8221;{}&#8221;][et_pb_text _builder_version=&#8221;4.27.4&#8243; _module_preset=&#8221;default&#8221; text_text_color=&#8221;#FBF2F2&#8243; text_font_size=&#8221;37px&#8221; text_line_height=&#8221;1.6em&#8221; header_font=&#8221;Brandon||||||||&#8221; header_text_color=&#8221;#FBF2F2&#8243; header_font_size=&#8221;75px&#8221; header_line_height=&#8221;1.7em&#8221; text_font_size_tablet=&#8221;37px&#8221; text_font_size_phone=&#8221;21px&#8221; text_font_size_last_edited=&#8221;on|phone&#8221; header_font_size_tablet=&#8221;75px&#8221; header_font_size_phone=&#8221;42px&#8221; header_font_size_last_edited=&#8221;on|phone&#8221; global_colors_info=&#8221;{}&#8221;]<\/p>\n<h1>Verf\u00fcgbare Farben<\/h1>\n<p>W\u00e4hlen Sie die Ausf\u00fchrung, die am besten zu Ihrem Projekt passt<\/p>\n<p>[\/et_pb_text][\/et_pb_column][\/et_pb_row][\/et_pb_section][et_pb_section fb_built=&#8221;1&#8243; _builder_version=&#8221;4.17.4&#8243; _module_preset=&#8221;default&#8221; global_colors_info=&#8221;{}&#8221;][et_pb_row _builder_version=&#8221;4.17.4&#8243; _module_preset=&#8221;default&#8221; global_colors_info=&#8221;{}&#8221;][et_pb_column type=&#8221;4_4&#8243; _builder_version=&#8221;4.17.4&#8243; _module_preset=&#8221;default&#8221; global_colors_info=&#8221;{}&#8221;][et_pb_text _builder_version=&#8221;4.27.5&#8243; _module_preset=&#8221;default&#8221; hover_enabled=&#8221;0&#8243; global_colors_info=&#8221;{}&#8221; sticky_enabled=&#8221;0&#8243;]<\/p>\n<p>Zennio bietet <strong>verschiedene Oberfl\u00e4chen <\/strong> an, um sich an eine <strong>gro\u00dfe Vielfalt dekorativer Umgebungen <\/strong>anzupassen. Dabei werden Farbreferenzen verwendet, die auf internationalen Standards basieren. In dieser Tabelle sind die verf\u00fcgbaren Ausf\u00fchrungen zusammen mit der entsprechenden Referenz aufgef\u00fchrt, um die Identifikation und Auswahl zu erleichtern.<\/p>\n<p> Die dargestellten Farben basieren auf dem <strong> RAL-System <\/strong>, einer international weit verbreiteten Norm zur pr\u00e4zisen Definition von Farbt\u00f6nen.<\/p>\n<p>Verf\u00fcgbare Farben f\u00fcr die Produkte der Familien Flat, Tecla, Touchdisplays, ZS55 und ZS70:<\/p>\n<p>[\/et_pb_text][et_pb_text _builder_version=&#8221;4.27.5&#8243; _module_preset=&#8221;default&#8221; global_colors_info=&#8221;{}&#8221;]<\/p>\n<table style=\"table-layout: fixed; width: 100%;\">\n<colgroup>\n<col style=\"width: 7%;\" \/>\n<col style=\"width: 23%;\" \/>\n<col style=\"width: 47%;\" \/>\n<col style=\"width: 23%;\" \/>\n<tbody>\n<tr style=\"background-color: #000000;\">\n<th colspan=\"2\"><span style=\"color: #ffffff;\"><strong>Oberfl\u00e4chenbezeichnung<\/strong><\/span><\/th>\n<th><span style=\"color: #ffffff;\"><strong>RAL (Farbreferenz)<\/strong><\/span><\/th>\n<th><span style=\"color: #ffffff;\"><strong>YY \/ XX Bez-Suffix<\/strong><\/span><\/th>\n<\/tr>\n<tr style=\"background-color: #e8e8e8;\">\n<td><img decoding=\"async\" src=\"https:\/\/www.zennio.com\/wp-content\/uploads\/2025\/07\/silver.png\" alt=\"Silver\" alt=\"Silver\" style=\"display: block; margin-left: auto; margin-right: auto; width: 40px !important; min-width: 40px !important; max-width: none !important; height: auto !important;\"><\/td>\n<td><strong>Silber<\/strong><\/td>\n<td><strong>RAL 9006<\/strong><\/td>\n<td><strong>&nbsp;&nbsp;&nbsp;&nbsp;S \/ 06<\/strong><\/td>\n<\/tr>\n<tr style=\"background-color: #e8e8e8;\">\n<td><img decoding=\"async\" src=\"https:\/\/www.zennio.com\/wp-content\/uploads\/2025\/07\/antracita.png\" alt=\"Anthracite\" style=\"display: block; margin-left: auto; margin-right: auto; width: 40px !important; min-width: 40px !important; max-width: none !important; height: auto !important;\"><\/td>\n<td><strong>Schwarz<\/strong><\/td>\n<td><strong>RAL 9004<\/strong><\/td>\n<td><strong>&nbsp;&nbsp;&nbsp;&nbsp;A \/ 05<\/strong><\/td>\n<\/tr>\n<tr style=\"background-color: #e8e8e8;\">\n<td><img decoding=\"async\" src=\"https:\/\/www.zennio.com\/wp-content\/uploads\/2025\/07\/white.png\" alt=\"Matt white\" style=\"display: block; margin-left: auto; margin-right: auto; width: 40px !important; min-width: 40px !important; max-width: none !important; height: auto !important;\"><\/td>\n<td><strong>Mattwei\u00df<\/strong><\/td>\n<td><strong>RAL 9016<\/strong><\/td>\n<td><strong>&nbsp;&nbsp;&nbsp;&nbsp;MW \/ 09<\/strong><\/td>\n<\/tr>\n<tr style=\"background-color: #e8e8e8;\">\n<td><img decoding=\"async\" src=\"https:\/\/www.zennio.com\/wp-content\/uploads\/2025\/07\/champagne.png\" alt=\"Champagner\" style=\"display: block; margin-left: auto; margin-right: auto; width: 40px !important; min-width: 40px !important; max-width: none !important; height: auto !important;\"><\/td>\n<td><strong>Champagne<\/strong><\/td>\n<td><strong>RAL 1035<\/strong><\/td>\n<td><strong>&nbsp;&nbsp;&nbsp;&nbsp;C \/ 04<\/strong><\/td>\n<\/tr>\n<tr style=\"background-color: #e8e8e8;\">\n<td><img decoding=\"async\" src=\"https:\/\/www.zennio.com\/wp-content\/uploads\/2026\/01\/moka.png\" alt=\"MOKKA\" style=\"display: block; margin-left: auto; margin-right: auto; width: 40px !important; min-width: 40px !important; max-width: none !important; height: auto !important;\" \/><\/td>\n<td><strong>Mokka<\/strong><\/td>\n<td><strong>RAL 7006<\/strong><\/td>\n<td><strong>&nbsp;&nbsp;&nbsp;&nbsp;M \/ 03<\/strong><\/td>\n<\/tr>\n<\/tbody>\n<\/table>\n<p>[\/et_pb_text][\/et_pb_column][\/et_pb_row][et_pb_row _builder_version=&#8221;4.17.4&#8243; _module_preset=&#8221;default&#8221; global_colors_info=&#8221;{}&#8221;][et_pb_column type=&#8221;4_4&#8243; _builder_version=&#8221;4.17.4&#8243; _module_preset=&#8221;default&#8221; global_colors_info=&#8221;{}&#8221;][et_pb_text _builder_version=&#8221;4.27.5&#8243; _module_preset=&#8221;default&#8221; global_colors_info=&#8221;{}&#8221;]<\/p>\n<p>Verf\u00fcgbare Farben f\u00fcr die Produkte IWAC Out Keypad:<\/p>\n<p>[\/et_pb_text][et_pb_text _builder_version=&#8221;4.27.5&#8243; _module_preset=&#8221;default&#8221; global_colors_info=&#8221;{}&#8221;]<\/p>\n<table style=\"table-layout: fixed; width: 100%;\">\n<colgroup>\n<col style=\"width: 7%;\" \/>\n<col style=\"width: 23%;\" \/>\n<col style=\"width: 47%;\" \/>\n<col style=\"width: 23%;\" \/>\n<tbody>\n<tr style=\"background-color: #000000;\">\n<th colspan=\"2\"><span style=\"color: #ffffff;\"><strong>Oberfl\u00e4chenbezeichnung<\/strong><\/span><\/th>\n<th><span style=\"color: #ffffff;\"><strong>RAL (Farbreferenz)<\/strong><\/span><\/th>\n<th><span style=\"color: #ffffff;\"><strong>YY \/ XX Bez-Suffix<\/strong><\/span><\/th>\n<\/tr>\n<tr style=\"background-color: #e8e8e8;\">\n<td><img decoding=\"async\" src=\"https:\/\/www.zennio.com\/wp-content\/uploads\/2025\/07\/antracita.png\" alt=\"Anthracite\" style=\"display: block; margin-left: auto; margin-right: auto; width: 40px !important; min-width: 40px !important; max-width: none !important; height: auto !important;\"><\/td>\n<td><strong>Schwarz<\/strong><\/td>\n<td><strong>RAL 9004<\/strong><\/td>\n<td><strong>&nbsp;&nbsp;&nbsp;&nbsp;A \/ 05<\/strong><\/td>\n<\/tr>\n<tr style=\"background-color: #e8e8e8;\">\n<td><img decoding=\"async\" src=\"https:\/\/www.zennio.com\/wp-content\/uploads\/2025\/07\/white.png\" alt=\"Matt white\" style=\"display: block; margin-left: auto; margin-right: auto; width: 40px !important; min-width: 40px !important; max-width: none !important; height: auto !important;\"><\/td>\n<td><strong>Mattwei\u00df<\/strong><\/td>\n<td><strong>RAL 9016<\/strong><\/td>\n<td><strong>&nbsp;&nbsp;&nbsp;&nbsp;MW \/ 09<\/strong><\/td>\n<\/tr>\n<\/tbody>\n<\/table>\n<p>[\/et_pb_text][\/et_pb_column][\/et_pb_row][\/et_pb_section]<\/p>\n","protected":false},"excerpt":{"rendered":"<p>Verf\u00fcgbare Farben W\u00e4hlen Sie die Ausf\u00fchrung, die am besten zu Ihrem Projekt passtZennio bietet verschiedene Oberfl\u00e4chen an, um sich an eine gro\u00dfe Vielfalt dekorativer Umgebungen anzupassen. Dabei werden Farbreferenzen verwendet, die auf internationalen Standards basieren. In dieser Tabelle sind die verf\u00fcgbaren Ausf\u00fchrungen zusammen mit der entsprechenden Referenz aufgef\u00fchrt, um die Identifikation und Auswahl zu erleichtern. [&hellip;]<\/p>\n","protected":false},"author":10,"featured_media":0,"parent":0,"menu_order":0,"comment_status":"closed","ping_status":"closed","template":"","meta":{"_acf_changed":false,"_et_pb_use_builder":"on","_et_pb_old_content":"","_et_gb_content_width":"","footnotes":""},"class_list":["post-72588","page","type-page","status-publish","hentry"],"acf":[],"yoast_head":"<!-- This site is optimized with the Yoast SEO plugin v27.0 - https:\/\/yoast.com\/product\/yoast-seo-wordpress\/ -->\n<title>Finishes | Zennio<\/title>\n<meta name=\"robots\" content=\"index, follow, max-snippet:-1, max-image-preview:large, max-video-preview:-1\" \/>\n<link rel=\"canonical\" href=\"https:\/\/www.zennio.com\/de\/finishes\/\" \/>\n<meta property=\"og:locale\" content=\"de_DE\" \/>\n<meta property=\"og:type\" content=\"article\" \/>\n<meta property=\"og:title\" content=\"Finishes | Zennio\" \/>\n<meta property=\"og:url\" content=\"https:\/\/www.zennio.com\/de\/finishes\/\" \/>\n<meta property=\"og:site_name\" content=\"Zennio\" \/>\n<meta property=\"article:modified_time\" content=\"2026-03-17T11:07:07+00:00\" \/>\n<meta property=\"og:image\" content=\"https:\/\/www.zennio.com\/wp-content\/uploads\/2025\/07\/silver.png\" \/>\n<meta name=\"twitter:card\" content=\"summary_large_image\" \/>\n<meta name=\"twitter:label1\" content=\"Est. reading time\" \/>\n\t<meta name=\"twitter:data1\" content=\"2 minutes\" \/>\n<script type=\"application\/ld+json\" class=\"yoast-schema-graph\">{\"@context\":\"https:\/\/schema.org\",\"@graph\":[{\"@type\":\"WebPage\",\"@id\":\"https:\/\/www.zennio.com\/de\/finishes\/\",\"url\":\"https:\/\/www.zennio.com\/de\/finishes\/\",\"name\":\"Finishes | Zennio\",\"isPartOf\":{\"@id\":\"https:\/\/www.zennio.com\/de\/#website\"},\"primaryImageOfPage\":{\"@id\":\"https:\/\/www.zennio.com\/de\/finishes\/#primaryimage\"},\"image\":{\"@id\":\"https:\/\/www.zennio.com\/de\/finishes\/#primaryimage\"},\"thumbnailUrl\":\"https:\/\/www.zennio.com\/wp-content\/uploads\/2025\/07\/silver.png\",\"datePublished\":\"2025-06-26T08:04:17+00:00\",\"dateModified\":\"2026-03-17T11:07:07+00:00\",\"breadcrumb\":{\"@id\":\"https:\/\/www.zennio.com\/de\/finishes\/#breadcrumb\"},\"inLanguage\":\"de\",\"potentialAction\":[{\"@type\":\"ReadAction\",\"target\":[\"https:\/\/www.zennio.com\/de\/finishes\/\"]}]},{\"@type\":\"ImageObject\",\"inLanguage\":\"de\",\"@id\":\"https:\/\/www.zennio.com\/de\/finishes\/#primaryimage\",\"url\":\"https:\/\/www.zennio.com\/wp-content\/uploads\/2025\/07\/silver.png\",\"contentUrl\":\"https:\/\/www.zennio.com\/wp-content\/uploads\/2025\/07\/silver.png\"},{\"@type\":\"BreadcrumbList\",\"@id\":\"https:\/\/www.zennio.com\/de\/finishes\/#breadcrumb\",\"itemListElement\":[{\"@type\":\"ListItem\",\"position\":1,\"name\":\"Portada\",\"item\":\"https:\/\/www.zennio.com\/de\/\"},{\"@type\":\"ListItem\",\"position\":2,\"name\":\"Finishes\"}]},{\"@type\":\"WebSite\",\"@id\":\"https:\/\/www.zennio.com\/de\/#website\",\"url\":\"https:\/\/www.zennio.com\/de\/\",\"name\":\"Zennio\",\"description\":\"Zennio Global\",\"potentialAction\":[{\"@type\":\"SearchAction\",\"target\":{\"@type\":\"EntryPoint\",\"urlTemplate\":\"https:\/\/www.zennio.com\/de\/?s={search_term_string}\"},\"query-input\":{\"@type\":\"PropertyValueSpecification\",\"valueRequired\":true,\"valueName\":\"search_term_string\"}}],\"inLanguage\":\"de\"}]}<\/script>\n<!-- \/ Yoast SEO plugin. -->","yoast_head_json":{"title":"Finishes | Zennio","robots":{"index":"index","follow":"follow","max-snippet":"max-snippet:-1","max-image-preview":"max-image-preview:large","max-video-preview":"max-video-preview:-1"},"canonical":"https:\/\/www.zennio.com\/de\/finishes\/","og_locale":"de_DE","og_type":"article","og_title":"Finishes | Zennio","og_url":"https:\/\/www.zennio.com\/de\/finishes\/","og_site_name":"Zennio","article_modified_time":"2026-03-17T11:07:07+00:00","og_image":[{"url":"https:\/\/www.zennio.com\/wp-content\/uploads\/2025\/07\/silver.png","type":"","width":"","height":""}],"twitter_card":"summary_large_image","twitter_misc":{"Est. reading time":"2 minutes"},"schema":{"@context":"https:\/\/schema.org","@graph":[{"@type":"WebPage","@id":"https:\/\/www.zennio.com\/de\/finishes\/","url":"https:\/\/www.zennio.com\/de\/finishes\/","name":"Finishes | Zennio","isPartOf":{"@id":"https:\/\/www.zennio.com\/de\/#website"},"primaryImageOfPage":{"@id":"https:\/\/www.zennio.com\/de\/finishes\/#primaryimage"},"image":{"@id":"https:\/\/www.zennio.com\/de\/finishes\/#primaryimage"},"thumbnailUrl":"https:\/\/www.zennio.com\/wp-content\/uploads\/2025\/07\/silver.png","datePublished":"2025-06-26T08:04:17+00:00","dateModified":"2026-03-17T11:07:07+00:00","breadcrumb":{"@id":"https:\/\/www.zennio.com\/de\/finishes\/#breadcrumb"},"inLanguage":"de","potentialAction":[{"@type":"ReadAction","target":["https:\/\/www.zennio.com\/de\/finishes\/"]}]},{"@type":"ImageObject","inLanguage":"de","@id":"https:\/\/www.zennio.com\/de\/finishes\/#primaryimage","url":"https:\/\/www.zennio.com\/wp-content\/uploads\/2025\/07\/silver.png","contentUrl":"https:\/\/www.zennio.com\/wp-content\/uploads\/2025\/07\/silver.png"},{"@type":"BreadcrumbList","@id":"https:\/\/www.zennio.com\/de\/finishes\/#breadcrumb","itemListElement":[{"@type":"ListItem","position":1,"name":"Portada","item":"https:\/\/www.zennio.com\/de\/"},{"@type":"ListItem","position":2,"name":"Finishes"}]},{"@type":"WebSite","@id":"https:\/\/www.zennio.com\/de\/#website","url":"https:\/\/www.zennio.com\/de\/","name":"Zennio","description":"Zennio Global","potentialAction":[{"@type":"SearchAction","target":{"@type":"EntryPoint","urlTemplate":"https:\/\/www.zennio.com\/de\/?s={search_term_string}"},"query-input":{"@type":"PropertyValueSpecification","valueRequired":true,"valueName":"search_term_string"}}],"inLanguage":"de"}]}},"_links":{"self":[{"href":"https:\/\/www.zennio.com\/de\/wp-json\/wp\/v2\/pages\/72588","targetHints":{"allow":["GET"]}}],"collection":[{"href":"https:\/\/www.zennio.com\/de\/wp-json\/wp\/v2\/pages"}],"about":[{"href":"https:\/\/www.zennio.com\/de\/wp-json\/wp\/v2\/types\/page"}],"author":[{"embeddable":true,"href":"https:\/\/www.zennio.com\/de\/wp-json\/wp\/v2\/users\/10"}],"replies":[{"embeddable":true,"href":"https:\/\/www.zennio.com\/de\/wp-json\/wp\/v2\/comments?post=72588"}],"version-history":[{"count":23,"href":"https:\/\/www.zennio.com\/de\/wp-json\/wp\/v2\/pages\/72588\/revisions"}],"predecessor-version":[{"id":86626,"href":"https:\/\/www.zennio.com\/de\/wp-json\/wp\/v2\/pages\/72588\/revisions\/86626"}],"wp:attachment":[{"href":"https:\/\/www.zennio.com\/de\/wp-json\/wp\/v2\/media?parent=72588"}],"curies":[{"name":"wp","href":"https:\/\/api.w.org\/{rel}","templated":true}]}}