{"id":59661,"date":"2022-06-02T06:48:19","date_gmt":"2022-06-02T04:48:19","guid":{"rendered":"https:\/\/www.zennio.com\/zennio-remote"},"modified":"2024-08-08T15:26:56","modified_gmt":"2024-08-08T13:26:56","slug":"zennio-remote","status":"publish","type":"page","link":"https:\/\/www.zennio.com\/de\/zennio-remote\/","title":{"rendered":"Zennio Remote"},"content":{"rendered":"<p>[et_pb_section fb_built=&#8221;1&#8243; _builder_version=&#8221;4.19.4&#8243; _module_preset=&#8221;default&#8221; global_colors_info=&#8221;{}&#8221;][et_pb_row _builder_version=&#8221;4.19.4&#8243; _module_preset=&#8221;default&#8221; global_colors_info=&#8221;{}&#8221;][et_pb_column type=&#8221;4_4&#8243; _builder_version=&#8221;4.19.4&#8243; _module_preset=&#8221;default&#8221; global_colors_info=&#8221;{}&#8221;][et_pb_post_title meta=&#8221;off&#8221; featured_image=&#8221;off&#8221; _builder_version=&#8221;4.19.4&#8243; _module_preset=&#8221;default&#8221; title_font_size=&#8221;50px&#8221; global_colors_info=&#8221;{}&#8221;][\/et_pb_post_title][et_pb_text _builder_version=&#8221;4.26.1&#8243; _module_preset=&#8221;default&#8221; hover_enabled=&#8221;0&#8243; global_colors_info=&#8221;{}&#8221; sticky_enabled=&#8221;0&#8243;]<\/p>\n<p>Zennio Remote ist eine App zur Visualisierung und Steuerung \u00fcber mobile Ger\u00e4te (Smartphones und Tablets) und Webbrowser. Sie k\u00f6nnen jederzeit und \u00fcberall schnell, einfach und sicher mit Ihrer Installation interagieren!<\/p>\n<p>Sie ben\u00f6tigen lediglich ein Zennio-Touchpanel (mit Remote Control Lizenz), das mit dem Internet verbunden ist, und die App, die auf Ihrem Smartphone oder Tablet installiert ist, oder Sie geben die URL <a title=\"Zennio Remote Web\" href=\"https:\/\/web.zennioremote.com\/landing\" target=\"_blank\" rel=\"noopener\">https:\/\/web.zennioremote.com\/landing<\/a> in Ihren Webbrowser ein.<\/p>\n<p>Um die App auf Ihrem mobilen Ger\u00e4t zu installieren: Greifen Sie auf den App-Store zu, laden Sie die App herunter und installieren Sie sie auf Ihrem Smartphone oder Tablet, nachdem Sie die EULA (auf Englisch) akzeptiert haben.<\/p>\n<p>Diese App kann ohne zeitliche Begrenzung bis zum Ende des Dienstes verwendet werden.<\/p>\n<p>[\/et_pb_text][\/et_pb_column][\/et_pb_row][\/et_pb_section]<\/p>\n","protected":false},"excerpt":{"rendered":"<p>Zennio Remote ist eine App zur Visualisierung und Steuerung \u00fcber mobile Ger\u00e4te (Smartphones und Tablets) und Webbrowser. Sie k\u00f6nnen jederzeit und \u00fcberall schnell, einfach und sicher mit Ihrer Installation interagieren! Sie ben\u00f6tigen lediglich ein Zennio-Touchpanel (mit Remote Control Lizenz), das mit dem Internet verbunden ist, und die App, die auf Ihrem Smartphone oder Tablet installiert [&hellip;]<\/p>\n","protected":false},"author":10,"featured_media":0,"parent":0,"menu_order":0,"comment_status":"closed","ping_status":"closed","template":"","meta":{"_acf_changed":false,"_et_pb_use_builder":"on","_et_pb_old_content":"","_et_gb_content_width":"","footnotes":""},"class_list":["post-59661","page","type-page","status-publish","hentry"],"acf":[],"yoast_head":"<!-- This site is optimized with the Yoast SEO plugin v27.0 - https:\/\/yoast.com\/product\/yoast-seo-wordpress\/ -->\n<title>Zennio Remote | Zennio<\/title>\n<meta name=\"robots\" content=\"index, follow, max-snippet:-1, max-image-preview:large, max-video-preview:-1\" \/>\n<link rel=\"canonical\" href=\"https:\/\/www.zennio.com\/de\/zennio-remote\/\" \/>\n<meta property=\"og:locale\" content=\"de_DE\" \/>\n<meta property=\"og:type\" content=\"article\" \/>\n<meta property=\"og:title\" content=\"Zennio Remote | Zennio\" \/>\n<meta property=\"og:url\" content=\"https:\/\/www.zennio.com\/de\/zennio-remote\/\" \/>\n<meta property=\"og:site_name\" content=\"Zennio\" \/>\n<meta property=\"article:modified_time\" content=\"2024-08-08T13:26:56+00:00\" \/>\n<meta name=\"twitter:card\" content=\"summary_large_image\" \/>\n<meta name=\"twitter:label1\" content=\"Est. reading time\" \/>\n\t<meta name=\"twitter:data1\" content=\"1 minute\" \/>\n<script type=\"application\/ld+json\" class=\"yoast-schema-graph\">{\"@context\":\"https:\/\/schema.org\",\"@graph\":[{\"@type\":\"WebPage\",\"@id\":\"https:\/\/www.zennio.com\/de\/zennio-remote\/\",\"url\":\"https:\/\/www.zennio.com\/de\/zennio-remote\/\",\"name\":\"Zennio Remote | Zennio\",\"isPartOf\":{\"@id\":\"https:\/\/www.zennio.com\/de\/#website\"},\"datePublished\":\"2022-06-02T04:48:19+00:00\",\"dateModified\":\"2024-08-08T13:26:56+00:00\",\"breadcrumb\":{\"@id\":\"https:\/\/www.zennio.com\/de\/zennio-remote\/#breadcrumb\"},\"inLanguage\":\"de\",\"potentialAction\":[{\"@type\":\"ReadAction\",\"target\":[\"https:\/\/www.zennio.com\/de\/zennio-remote\/\"]}]},{\"@type\":\"BreadcrumbList\",\"@id\":\"https:\/\/www.zennio.com\/de\/zennio-remote\/#breadcrumb\",\"itemListElement\":[{\"@type\":\"ListItem\",\"position\":1,\"name\":\"Portada\",\"item\":\"https:\/\/www.zennio.com\/de\/\"},{\"@type\":\"ListItem\",\"position\":2,\"name\":\"Zennio Remote\"}]},{\"@type\":\"WebSite\",\"@id\":\"https:\/\/www.zennio.com\/de\/#website\",\"url\":\"https:\/\/www.zennio.com\/de\/\",\"name\":\"Zennio\",\"description\":\"Zennio Global\",\"potentialAction\":[{\"@type\":\"SearchAction\",\"target\":{\"@type\":\"EntryPoint\",\"urlTemplate\":\"https:\/\/www.zennio.com\/de\/?s={search_term_string}\"},\"query-input\":{\"@type\":\"PropertyValueSpecification\",\"valueRequired\":true,\"valueName\":\"search_term_string\"}}],\"inLanguage\":\"de\"}]}<\/script>\n<!-- \/ Yoast SEO plugin. -->","yoast_head_json":{"title":"Zennio Remote | Zennio","robots":{"index":"index","follow":"follow","max-snippet":"max-snippet:-1","max-image-preview":"max-image-preview:large","max-video-preview":"max-video-preview:-1"},"canonical":"https:\/\/www.zennio.com\/de\/zennio-remote\/","og_locale":"de_DE","og_type":"article","og_title":"Zennio Remote | Zennio","og_url":"https:\/\/www.zennio.com\/de\/zennio-remote\/","og_site_name":"Zennio","article_modified_time":"2024-08-08T13:26:56+00:00","twitter_card":"summary_large_image","twitter_misc":{"Est. reading time":"1 minute"},"schema":{"@context":"https:\/\/schema.org","@graph":[{"@type":"WebPage","@id":"https:\/\/www.zennio.com\/de\/zennio-remote\/","url":"https:\/\/www.zennio.com\/de\/zennio-remote\/","name":"Zennio Remote | Zennio","isPartOf":{"@id":"https:\/\/www.zennio.com\/de\/#website"},"datePublished":"2022-06-02T04:48:19+00:00","dateModified":"2024-08-08T13:26:56+00:00","breadcrumb":{"@id":"https:\/\/www.zennio.com\/de\/zennio-remote\/#breadcrumb"},"inLanguage":"de","potentialAction":[{"@type":"ReadAction","target":["https:\/\/www.zennio.com\/de\/zennio-remote\/"]}]},{"@type":"BreadcrumbList","@id":"https:\/\/www.zennio.com\/de\/zennio-remote\/#breadcrumb","itemListElement":[{"@type":"ListItem","position":1,"name":"Portada","item":"https:\/\/www.zennio.com\/de\/"},{"@type":"ListItem","position":2,"name":"Zennio Remote"}]},{"@type":"WebSite","@id":"https:\/\/www.zennio.com\/de\/#website","url":"https:\/\/www.zennio.com\/de\/","name":"Zennio","description":"Zennio Global","potentialAction":[{"@type":"SearchAction","target":{"@type":"EntryPoint","urlTemplate":"https:\/\/www.zennio.com\/de\/?s={search_term_string}"},"query-input":{"@type":"PropertyValueSpecification","valueRequired":true,"valueName":"search_term_string"}}],"inLanguage":"de"}]}},"_links":{"self":[{"href":"https:\/\/www.zennio.com\/de\/wp-json\/wp\/v2\/pages\/59661","targetHints":{"allow":["GET"]}}],"collection":[{"href":"https:\/\/www.zennio.com\/de\/wp-json\/wp\/v2\/pages"}],"about":[{"href":"https:\/\/www.zennio.com\/de\/wp-json\/wp\/v2\/types\/page"}],"author":[{"embeddable":true,"href":"https:\/\/www.zennio.com\/de\/wp-json\/wp\/v2\/users\/10"}],"replies":[{"embeddable":true,"href":"https:\/\/www.zennio.com\/de\/wp-json\/wp\/v2\/comments?post=59661"}],"version-history":[{"count":5,"href":"https:\/\/www.zennio.com\/de\/wp-json\/wp\/v2\/pages\/59661\/revisions"}],"predecessor-version":[{"id":59693,"href":"https:\/\/www.zennio.com\/de\/wp-json\/wp\/v2\/pages\/59661\/revisions\/59693"}],"wp:attachment":[{"href":"https:\/\/www.zennio.com\/de\/wp-json\/wp\/v2\/media?parent=59661"}],"curies":[{"name":"wp","href":"https:\/\/api.w.org\/{rel}","templated":true}]}}